{"id":1010,"date":"2022-02-11T17:21:15","date_gmt":"2022-02-11T14:21:15","guid":{"rendered":"https:\/\/www.katsankutu.com\/zator\/?page_id=1010"},"modified":"2022-02-12T15:09:26","modified_gmt":"2022-02-12T12:09:26","slug":"soguk-tutkal-sistemleri","status":"publish","type":"page","link":"https:\/\/www.katsankutu.com\/zator\/soguk-tutkal-sistemleri\/","title":{"rendered":"So\u011fuk Tutkal Sistemleri"},"content":{"rendered":"\t\t<div data-elementor-type=\"wp-page\" data-elementor-id=\"1010\" class=\"elementor elementor-1010\" data-elementor-settings=\"[]\">\n\t\t\t\t\t\t\t<div class=\"elementor-section-wrap\">\n\t\t\t\t\t\t\t<section class=\"elementor-section elementor-top-section elementor-element elementor-element-6f5d41c elementor-section-stretched elementor-section-full_width elementor-section-height-default elementor-section-height-default\" data-id=\"6f5d41c\" data-element_type=\"section\" data-settings=\"{&quot;stretch_section&quot;:&quot;section-stretched&quot;,&quot;background_background&quot;:&quot;classic&quot;}\">\n\t\t\t\t\t\t\t<div class=\"elementor-background-overlay\"><\/div>\n\t\t\t\t\t\t\t<div class=\"elementor-container elementor-column-gap-wider\">\n\t\t\t\t\t<div class=\"elementor-column elementor-col-50 elementor-top-column elementor-element elementor-element-fd3a07a\" data-id=\"fd3a07a\" data-element_type=\"column\" data-settings=\"{&quot;background_background&quot;:&quot;classic&quot;}\">\n\t\t\t<div class=\"elementor-widget-wrap\">\n\t\t\t\t\t<div class=\"elementor-background-overlay\"><\/div>\n\t\t\t\t\t\t\t\t\t<\/div>\n\t\t<\/div>\n\t\t\t\t<div class=\"elementor-column elementor-col-50 elementor-top-column elementor-element elementor-element-8319725\" data-id=\"8319725\" data-element_type=\"column\" data-settings=\"{&quot;background_background&quot;:&quot;classic&quot;}\">\n\t\t\t<div class=\"elementor-widget-wrap elementor-element-populated\">\n\t\t\t\t\t\t\t\t<div class=\"elementor-element elementor-element-3729620 elementor-widget elementor-widget-text-editor\" data-id=\"3729620\" data-element_type=\"widget\" data-widget_type=\"text-editor.default\">\n\t\t\t\t<div class=\"elementor-widget-container\">\n\t\t\t<style>\/*! elementor - v3.5.5 - 03-02-2022 *\/\n.elementor-widget-text-editor.elementor-drop-cap-view-stacked .elementor-drop-cap{background-color:#818a91;color:#fff}.elementor-widget-text-editor.elementor-drop-cap-view-framed .elementor-drop-cap{color:#818a91;border:3px solid;background-color:transparent}.elementor-widget-text-editor:not(.elementor-drop-cap-view-default) .elementor-drop-cap{margin-top:8px}.elementor-widget-text-editor:not(.elementor-drop-cap-view-default) .elementor-drop-cap-letter{width:1em;height:1em}.elementor-widget-text-editor .elementor-drop-cap{float:left;text-align:center;line-height:1;font-size:50px}.elementor-widget-text-editor .elementor-drop-cap-letter{display:inline-block}<\/style>\t\t\t\tSO\u011eUK TUTKAL S\u0130STEMLER\u0130\t\t\t\t\t\t<\/div>\n\t\t\t\t<\/div>\n\t\t\t\t\t<\/div>\n\t\t<\/div>\n\t\t\t\t\t\t\t<\/div>\n\t\t<\/section>\n\t\t\t\t<section class=\"elementor-section elementor-top-section elementor-element elementor-element-103431a elementor-section-stretched elementor-section-boxed elementor-section-height-default elementor-section-height-default\" data-id=\"103431a\" data-element_type=\"section\" data-settings=\"{&quot;stretch_section&quot;:&quot;section-stretched&quot;}\">\n\t\t\t\t\t\t<div class=\"elementor-container elementor-column-gap-wider\">\n\t\t\t\t\t<div class=\"elementor-column elementor-col-100 elementor-top-column elementor-element elementor-element-431bf1f\" data-id=\"431bf1f\" data-element_type=\"column\">\n\t\t\t<div class=\"elementor-widget-wrap elementor-element-populated\">\n\t\t\t\t\t\t\t\t<section class=\"elementor-section elementor-inner-section elementor-element elementor-element-e5383fb elementor-section-boxed elementor-section-height-default elementor-section-height-default\" data-id=\"e5383fb\" data-element_type=\"section\">\n\t\t\t\t\t\t<div class=\"elementor-container elementor-column-gap-no\">\n\t\t\t\t\t<div class=\"elementor-column elementor-col-33 elementor-inner-column elementor-element elementor-element-9079f19\" data-id=\"9079f19\" data-element_type=\"column\">\n\t\t\t<div class=\"elementor-widget-wrap elementor-element-populated\">\n\t\t\t\t\t\t\t\t<div class=\"elementor-element elementor-element-34c1928 elementor-widget elementor-widget-image\" data-id=\"34c1928\" data-element_type=\"widget\" data-widget_type=\"image.default\">\n\t\t\t\t<div class=\"elementor-widget-container\">\n\t\t\t<style>\/*! elementor - v3.5.5 - 03-02-2022 *\/\n.elementor-widget-image{text-align:center}.elementor-widget-image a{display:inline-block}.elementor-widget-image a img[src$=\".svg\"]{width:48px}.elementor-widget-image img{vertical-align:middle;display:inline-block}<\/style>\t\t\t\t\t\t\t\t\t\t\t\t\t<a href=\"https:\/\/www.katsankutu.com\/zator\/tutkal-besleme-uniteleri\/\">\n\t\t\t\t\t\t\t<img loading=\"lazy\" decoding=\"async\" width=\"300\" height=\"200\" src=\"https:\/\/www.katsankutu.com\/zator\/wp-content\/uploads\/2022\/02\/tutkal_besleme_uniteleri-300x200.jpg\" class=\"attachment-medium size-medium\" alt=\"TUTKAL BESLEME \u00dcNITELERI\" srcset=\"https:\/\/www.katsankutu.com\/zator\/wp-content\/uploads\/2022\/02\/tutkal_besleme_uniteleri-300x200.jpg 300w, https:\/\/www.katsankutu.com\/zator\/wp-content\/uploads\/2022\/02\/tutkal_besleme_uniteleri-768x512.jpg 768w, https:\/\/www.katsankutu.com\/zator\/wp-content\/uploads\/2022\/02\/tutkal_besleme_uniteleri-219x146.jpg 219w, https:\/\/www.katsankutu.com\/zator\/wp-content\/uploads\/2022\/02\/tutkal_besleme_uniteleri-50x33.jpg 50w, https:\/\/www.katsankutu.com\/zator\/wp-content\/uploads\/2022\/02\/tutkal_besleme_uniteleri-113x75.jpg 113w, https:\/\/www.katsankutu.com\/zator\/wp-content\/uploads\/2022\/02\/tutkal_besleme_uniteleri.jpg 900w\" sizes=\"auto, (max-width: 300px) 100vw, 300px\" \/>\t\t\t\t\t\t\t\t<\/a>\n\t\t\t\t\t\t\t\t\t\t\t\t\t\t\t<\/div>\n\t\t\t\t<\/div>\n\t\t\t\t<div class=\"elementor-element elementor-element-d4ef0f9 elementor-widget elementor-widget-text-editor\" data-id=\"d4ef0f9\" data-element_type=\"widget\" data-widget_type=\"text-editor.default\">\n\t\t\t\t<div class=\"elementor-widget-container\">\n\t\t\t\t\t\t\tTUTKAL BESLEME \u00dcNITELERI\t\t\t\t\t\t<\/div>\n\t\t\t\t<\/div>\n\t\t\t\t\t<\/div>\n\t\t<\/div>\n\t\t\t\t<div class=\"elementor-column elementor-col-33 elementor-inner-column elementor-element elementor-element-fa28d23\" data-id=\"fa28d23\" data-element_type=\"column\">\n\t\t\t<div class=\"elementor-widget-wrap elementor-element-populated\">\n\t\t\t\t\t\t\t\t<div class=\"elementor-element elementor-element-edbfd44 elementor-widget elementor-widget-image\" data-id=\"edbfd44\" data-element_type=\"widget\" data-widget_type=\"image.default\">\n\t\t\t\t<div class=\"elementor-widget-container\">\n\t\t\t\t\t\t\t\t\t\t\t\t\t\t\t\t<a href=\"https:\/\/www.katsankutu.com\/zator\/mikroislemci-kontrolu\/\">\n\t\t\t\t\t\t\t<img loading=\"lazy\" decoding=\"async\" width=\"300\" height=\"200\" src=\"https:\/\/www.katsankutu.com\/zator\/wp-content\/uploads\/2022\/02\/mikroislemci_kontrolu-300x200.jpg\" class=\"attachment-medium size-medium\" alt=\"MIKROI\u015eLEMCI KONTROL\u00dc\" srcset=\"https:\/\/www.katsankutu.com\/zator\/wp-content\/uploads\/2022\/02\/mikroislemci_kontrolu-300x200.jpg 300w, https:\/\/www.katsankutu.com\/zator\/wp-content\/uploads\/2022\/02\/mikroislemci_kontrolu-768x512.jpg 768w, https:\/\/www.katsankutu.com\/zator\/wp-content\/uploads\/2022\/02\/mikroislemci_kontrolu-219x146.jpg 219w, https:\/\/www.katsankutu.com\/zator\/wp-content\/uploads\/2022\/02\/mikroislemci_kontrolu-50x33.jpg 50w, https:\/\/www.katsankutu.com\/zator\/wp-content\/uploads\/2022\/02\/mikroislemci_kontrolu-113x75.jpg 113w, https:\/\/www.katsankutu.com\/zator\/wp-content\/uploads\/2022\/02\/mikroislemci_kontrolu.jpg 900w\" sizes=\"auto, (max-width: 300px) 100vw, 300px\" \/>\t\t\t\t\t\t\t\t<\/a>\n\t\t\t\t\t\t\t\t\t\t\t\t\t\t\t<\/div>\n\t\t\t\t<\/div>\n\t\t\t\t<div class=\"elementor-element elementor-element-998f1b1 elementor-widget elementor-widget-text-editor\" data-id=\"998f1b1\" data-element_type=\"widget\" data-widget_type=\"text-editor.default\">\n\t\t\t\t<div class=\"elementor-widget-container\">\n\t\t\t\t\t\t\tMIKROI\u015eLEMCI KONTROL\u00dc\t\t\t\t\t\t<\/div>\n\t\t\t\t<\/div>\n\t\t\t\t\t<\/div>\n\t\t<\/div>\n\t\t\t\t<div class=\"elementor-column elementor-col-33 elementor-inner-column elementor-element elementor-element-aa5e2e1\" data-id=\"aa5e2e1\" data-element_type=\"column\">\n\t\t\t<div class=\"elementor-widget-wrap elementor-element-populated\">\n\t\t\t\t\t\t\t\t<div class=\"elementor-element elementor-element-2453ab6 elementor-widget elementor-widget-image\" data-id=\"2453ab6\" data-element_type=\"widget\" data-widget_type=\"image.default\">\n\t\t\t\t<div class=\"elementor-widget-container\">\n\t\t\t\t\t\t\t\t\t\t\t\t\t\t\t\t<a href=\"https:\/\/www.katsankutu.com\/zator\/elektromanyetik-silahlar\/\">\n\t\t\t\t\t\t\t<img loading=\"lazy\" decoding=\"async\" width=\"300\" height=\"200\" src=\"https:\/\/www.katsankutu.com\/zator\/wp-content\/uploads\/2022\/02\/elektromanyetik_tabancalar-300x200.jpg\" class=\"attachment-medium size-medium\" alt=\"\" srcset=\"https:\/\/www.katsankutu.com\/zator\/wp-content\/uploads\/2022\/02\/elektromanyetik_tabancalar-300x200.jpg 300w, https:\/\/www.katsankutu.com\/zator\/wp-content\/uploads\/2022\/02\/elektromanyetik_tabancalar-768x512.jpg 768w, https:\/\/www.katsankutu.com\/zator\/wp-content\/uploads\/2022\/02\/elektromanyetik_tabancalar-219x146.jpg 219w, https:\/\/www.katsankutu.com\/zator\/wp-content\/uploads\/2022\/02\/elektromanyetik_tabancalar-50x33.jpg 50w, https:\/\/www.katsankutu.com\/zator\/wp-content\/uploads\/2022\/02\/elektromanyetik_tabancalar-113x75.jpg 113w, https:\/\/www.katsankutu.com\/zator\/wp-content\/uploads\/2022\/02\/elektromanyetik_tabancalar.jpg 900w\" sizes=\"auto, (max-width: 300px) 100vw, 300px\" \/>\t\t\t\t\t\t\t\t<\/a>\n\t\t\t\t\t\t\t\t\t\t\t\t\t\t\t<\/div>\n\t\t\t\t<\/div>\n\t\t\t\t<div class=\"elementor-element elementor-element-513783b elementor-widget elementor-widget-text-editor\" data-id=\"513783b\" data-element_type=\"widget\" data-widget_type=\"text-editor.default\">\n\t\t\t\t<div class=\"elementor-widget-container\">\n\t\t\t\t\t\t\tELEKTROMANYETIK TABANCALAR\t\t\t\t\t\t<\/div>\n\t\t\t\t<\/div>\n\t\t\t\t\t<\/div>\n\t\t<\/div>\n\t\t\t\t\t\t\t<\/div>\n\t\t<\/section>\n\t\t\t\t<section class=\"elementor-section elementor-inner-section elementor-element elementor-element-33bc8f2 elementor-section-boxed elementor-section-height-default elementor-section-height-default\" data-id=\"33bc8f2\" data-element_type=\"section\">\n\t\t\t\t\t\t<div class=\"elementor-container elementor-column-gap-no\">\n\t\t\t\t\t<div class=\"elementor-column elementor-col-33 elementor-inner-column elementor-element elementor-element-14da4ab\" data-id=\"14da4ab\" data-element_type=\"column\">\n\t\t\t<div class=\"elementor-widget-wrap elementor-element-populated\">\n\t\t\t\t\t\t\t\t<div class=\"elementor-element elementor-element-2bb01c1 elementor-widget elementor-widget-image\" data-id=\"2bb01c1\" data-element_type=\"widget\" data-widget_type=\"image.default\">\n\t\t\t\t<div class=\"elementor-widget-container\">\n\t\t\t\t\t\t\t\t\t\t\t\t\t\t\t\t<a href=\"https:\/\/www.katsankutu.com\/zator\/puskurtme-tabancalari\/\">\n\t\t\t\t\t\t\t<img loading=\"lazy\" decoding=\"async\" width=\"300\" height=\"200\" src=\"https:\/\/www.katsankutu.com\/zator\/wp-content\/uploads\/2022\/02\/puskurtme_tabancalari-300x200.jpg\" class=\"attachment-medium size-medium\" alt=\"P\u00dcSK\u00dcRTME TABANCALARI\" srcset=\"https:\/\/www.katsankutu.com\/zator\/wp-content\/uploads\/2022\/02\/puskurtme_tabancalari-300x200.jpg 300w, https:\/\/www.katsankutu.com\/zator\/wp-content\/uploads\/2022\/02\/puskurtme_tabancalari-768x512.jpg 768w, https:\/\/www.katsankutu.com\/zator\/wp-content\/uploads\/2022\/02\/puskurtme_tabancalari-219x146.jpg 219w, https:\/\/www.katsankutu.com\/zator\/wp-content\/uploads\/2022\/02\/puskurtme_tabancalari-50x33.jpg 50w, https:\/\/www.katsankutu.com\/zator\/wp-content\/uploads\/2022\/02\/puskurtme_tabancalari-113x75.jpg 113w, https:\/\/www.katsankutu.com\/zator\/wp-content\/uploads\/2022\/02\/puskurtme_tabancalari.jpg 900w\" sizes=\"auto, (max-width: 300px) 100vw, 300px\" \/>\t\t\t\t\t\t\t\t<\/a>\n\t\t\t\t\t\t\t\t\t\t\t\t\t\t\t<\/div>\n\t\t\t\t<\/div>\n\t\t\t\t<div class=\"elementor-element elementor-element-e42c19b elementor-widget elementor-widget-text-editor\" data-id=\"e42c19b\" data-element_type=\"widget\" data-widget_type=\"text-editor.default\">\n\t\t\t\t<div class=\"elementor-widget-container\">\n\t\t\t\t\t\t\tP\u00dcSK\u00dcRTME TABANCALARI\t\t\t\t\t\t<\/div>\n\t\t\t\t<\/div>\n\t\t\t\t\t<\/div>\n\t\t<\/div>\n\t\t\t\t<div class=\"elementor-column elementor-col-33 elementor-inner-column elementor-element elementor-element-34956df\" data-id=\"34956df\" data-element_type=\"column\">\n\t\t\t<div class=\"elementor-widget-wrap elementor-element-populated\">\n\t\t\t\t\t\t\t\t<div class=\"elementor-element elementor-element-a3e1eae elementor-widget elementor-widget-image\" data-id=\"a3e1eae\" data-element_type=\"widget\" data-widget_type=\"image.default\">\n\t\t\t\t<div class=\"elementor-widget-container\">\n\t\t\t\t\t\t\t\t\t\t\t\t\t\t\t\t<a href=\"https:\/\/www.katsankutu.com\/zator\/ekstruzyon-tabancalari\/\">\n\t\t\t\t\t\t\t<img loading=\"lazy\" decoding=\"async\" width=\"300\" height=\"200\" src=\"https:\/\/www.katsankutu.com\/zator\/wp-content\/uploads\/2022\/02\/ekstruzyon_tabancalari-300x200.jpg\" class=\"attachment-medium size-medium\" alt=\"EKSTR\u00dcZYON TABANCALARI\" srcset=\"https:\/\/www.katsankutu.com\/zator\/wp-content\/uploads\/2022\/02\/ekstruzyon_tabancalari-300x200.jpg 300w, https:\/\/www.katsankutu.com\/zator\/wp-content\/uploads\/2022\/02\/ekstruzyon_tabancalari-768x512.jpg 768w, https:\/\/www.katsankutu.com\/zator\/wp-content\/uploads\/2022\/02\/ekstruzyon_tabancalari-219x146.jpg 219w, https:\/\/www.katsankutu.com\/zator\/wp-content\/uploads\/2022\/02\/ekstruzyon_tabancalari-50x33.jpg 50w, https:\/\/www.katsankutu.com\/zator\/wp-content\/uploads\/2022\/02\/ekstruzyon_tabancalari-113x75.jpg 113w, https:\/\/www.katsankutu.com\/zator\/wp-content\/uploads\/2022\/02\/ekstruzyon_tabancalari.jpg 900w\" sizes=\"auto, (max-width: 300px) 100vw, 300px\" \/>\t\t\t\t\t\t\t\t<\/a>\n\t\t\t\t\t\t\t\t\t\t\t\t\t\t\t<\/div>\n\t\t\t\t<\/div>\n\t\t\t\t<div class=\"elementor-element elementor-element-937ea80 elementor-widget elementor-widget-text-editor\" data-id=\"937ea80\" data-element_type=\"widget\" data-widget_type=\"text-editor.default\">\n\t\t\t\t<div class=\"elementor-widget-container\">\n\t\t\t\t\t\t\tEKSTR\u00dcZYON TABANCALARI\t\t\t\t\t\t<\/div>\n\t\t\t\t<\/div>\n\t\t\t\t\t<\/div>\n\t\t<\/div>\n\t\t\t\t<div class=\"elementor-column elementor-col-33 elementor-inner-column elementor-element elementor-element-76dafc8\" data-id=\"76dafc8\" data-element_type=\"column\">\n\t\t\t<div class=\"elementor-widget-wrap elementor-element-populated\">\n\t\t\t\t\t\t\t\t<div class=\"elementor-element elementor-element-2e08a99 elementor-widget elementor-widget-image\" data-id=\"2e08a99\" data-element_type=\"widget\" data-widget_type=\"image.default\">\n\t\t\t\t<div class=\"elementor-widget-container\">\n\t\t\t\t\t\t\t\t\t\t\t\t\t\t\t\t<a href=\"https:\/\/www.katsankutu.com\/zator\/kaplama-tabancalari\/\">\n\t\t\t\t\t\t\t<img loading=\"lazy\" decoding=\"async\" width=\"300\" height=\"200\" src=\"https:\/\/www.katsankutu.com\/zator\/wp-content\/uploads\/2022\/02\/kaplama_tabancalari-300x200.jpg\" class=\"attachment-medium size-medium\" alt=\"KAPLAMA TABANCALARI\" srcset=\"https:\/\/www.katsankutu.com\/zator\/wp-content\/uploads\/2022\/02\/kaplama_tabancalari-300x200.jpg 300w, https:\/\/www.katsankutu.com\/zator\/wp-content\/uploads\/2022\/02\/kaplama_tabancalari-768x512.jpg 768w, https:\/\/www.katsankutu.com\/zator\/wp-content\/uploads\/2022\/02\/kaplama_tabancalari-219x146.jpg 219w, https:\/\/www.katsankutu.com\/zator\/wp-content\/uploads\/2022\/02\/kaplama_tabancalari-50x33.jpg 50w, https:\/\/www.katsankutu.com\/zator\/wp-content\/uploads\/2022\/02\/kaplama_tabancalari-113x75.jpg 113w, https:\/\/www.katsankutu.com\/zator\/wp-content\/uploads\/2022\/02\/kaplama_tabancalari.jpg 900w\" sizes=\"auto, (max-width: 300px) 100vw, 300px\" \/>\t\t\t\t\t\t\t\t<\/a>\n\t\t\t\t\t\t\t\t\t\t\t\t\t\t\t<\/div>\n\t\t\t\t<\/div>\n\t\t\t\t<div class=\"elementor-element elementor-element-ba16dbc elementor-widget elementor-widget-text-editor\" data-id=\"ba16dbc\" data-element_type=\"widget\" data-widget_type=\"text-editor.default\">\n\t\t\t\t<div class=\"elementor-widget-container\">\n\t\t\t\t\t\t\t<p>KAPLAMA TABANCALARI<\/p>\t\t\t\t\t\t<\/div>\n\t\t\t\t<\/div>\n\t\t\t\t\t<\/div>\n\t\t<\/div>\n\t\t\t\t\t\t\t<\/div>\n\t\t<\/section>\n\t\t\t\t\t<\/div>\n\t\t<\/div>\n\t\t\t\t\t\t\t<\/div>\n\t\t<\/section>\n\t\t\t\t\t\t<\/div>\n\t\t\t\t\t<\/div>\n\t\t","protected":false},"excerpt":{"rendered":"<p>SO\u011eUK TUTKAL S\u0130STEMLER\u0130 TUTKAL BESLEME \u00dcNITELERI MIKROI\u015eLEMCI KONTROL\u00dc ELEKTROMANYETIK TABANCALAR P\u00dcSK\u00dcRTME TABANCALARI EKSTR\u00dcZYON TABANCALARI KAPLAMA TABANCALARI<\/p>\n","protected":false},"author":1,"featured_media":0,"parent":0,"menu_order":0,"comment_status":"closed","ping_status":"closed","template":"","meta":{"footnotes":""},"class_list":["post-1010","page","type-page","status-publish","hentry"],"_links":{"self":[{"href":"https:\/\/www.katsankutu.com\/zator\/wp-json\/wp\/v2\/pages\/1010","targetHints":{"allow":["GET"]}}],"collection":[{"href":"https:\/\/www.katsankutu.com\/zator\/wp-json\/wp\/v2\/pages"}],"about":[{"href":"https:\/\/www.katsankutu.com\/zator\/wp-json\/wp\/v2\/types\/page"}],"author":[{"embeddable":true,"href":"https:\/\/www.katsankutu.com\/zator\/wp-json\/wp\/v2\/users\/1"}],"replies":[{"embeddable":true,"href":"https:\/\/www.katsankutu.com\/zator\/wp-json\/wp\/v2\/comments?post=1010"}],"version-history":[{"count":0,"href":"https:\/\/www.katsankutu.com\/zator\/wp-json\/wp\/v2\/pages\/1010\/revisions"}],"wp:attachment":[{"href":"https:\/\/www.katsankutu.com\/zator\/wp-json\/wp\/v2\/media?parent=1010"}],"curies":[{"name":"wp","href":"https:\/\/api.w.org\/{rel}","templated":true}]}}