{"id":1053,"date":"2022-02-11T18:58:08","date_gmt":"2022-02-11T15:58:08","guid":{"rendered":"https:\/\/www.katsankutu.com\/zator\/?page_id=1053"},"modified":"2022-02-12T15:57:18","modified_gmt":"2022-02-12T12:57:18","slug":"i%cc%87ki-bilesenli-sistemler","status":"publish","type":"page","link":"https:\/\/www.katsankutu.com\/zator\/i%cc%87ki-bilesenli-sistemler\/","title":{"rendered":"I\u0307ki Bile\u015fenli Sistemler"},"content":{"rendered":"\t\t<div data-elementor-type=\"wp-page\" data-elementor-id=\"1053\" class=\"elementor elementor-1053\" data-elementor-settings=\"[]\">\n\t\t\t\t\t\t\t<div class=\"elementor-section-wrap\">\n\t\t\t\t\t\t\t<section class=\"elementor-section elementor-top-section elementor-element elementor-element-6f5d41c elementor-section-stretched elementor-section-full_width elementor-section-height-default elementor-section-height-default\" data-id=\"6f5d41c\" data-element_type=\"section\" data-settings=\"{&quot;stretch_section&quot;:&quot;section-stretched&quot;,&quot;background_background&quot;:&quot;classic&quot;}\">\n\t\t\t\t\t\t\t<div class=\"elementor-background-overlay\"><\/div>\n\t\t\t\t\t\t\t<div class=\"elementor-container elementor-column-gap-wider\">\n\t\t\t\t\t<div class=\"elementor-column elementor-col-50 elementor-top-column elementor-element elementor-element-fd3a07a\" data-id=\"fd3a07a\" data-element_type=\"column\" data-settings=\"{&quot;background_background&quot;:&quot;classic&quot;}\">\n\t\t\t<div class=\"elementor-widget-wrap\">\n\t\t\t\t\t<div class=\"elementor-background-overlay\"><\/div>\n\t\t\t\t\t\t\t\t\t<\/div>\n\t\t<\/div>\n\t\t\t\t<div class=\"elementor-column elementor-col-50 elementor-top-column elementor-element elementor-element-8319725\" data-id=\"8319725\" data-element_type=\"column\" data-settings=\"{&quot;background_background&quot;:&quot;classic&quot;}\">\n\t\t\t<div class=\"elementor-widget-wrap elementor-element-populated\">\n\t\t\t\t\t\t\t\t<div class=\"elementor-element elementor-element-3729620 elementor-widget elementor-widget-text-editor\" data-id=\"3729620\" data-element_type=\"widget\" data-widget_type=\"text-editor.default\">\n\t\t\t\t<div class=\"elementor-widget-container\">\n\t\t\t<style>\/*! elementor - v3.5.5 - 03-02-2022 *\/\n.elementor-widget-text-editor.elementor-drop-cap-view-stacked .elementor-drop-cap{background-color:#818a91;color:#fff}.elementor-widget-text-editor.elementor-drop-cap-view-framed .elementor-drop-cap{color:#818a91;border:3px solid;background-color:transparent}.elementor-widget-text-editor:not(.elementor-drop-cap-view-default) .elementor-drop-cap{margin-top:8px}.elementor-widget-text-editor:not(.elementor-drop-cap-view-default) .elementor-drop-cap-letter{width:1em;height:1em}.elementor-widget-text-editor .elementor-drop-cap{float:left;text-align:center;line-height:1;font-size:50px}.elementor-widget-text-editor .elementor-drop-cap-letter{display:inline-block}<\/style>\t\t\t\t\u0130K\u0130 B\u0130LE\u015eENL\u0130 S\u0130STEMLER\t\t\t\t\t\t<\/div>\n\t\t\t\t<\/div>\n\t\t\t\t\t<\/div>\n\t\t<\/div>\n\t\t\t\t\t\t\t<\/div>\n\t\t<\/section>\n\t\t\t\t<section class=\"elementor-section elementor-top-section elementor-element elementor-element-103431a elementor-section-stretched elementor-section-boxed elementor-section-height-default elementor-section-height-default\" data-id=\"103431a\" data-element_type=\"section\" data-settings=\"{&quot;stretch_section&quot;:&quot;section-stretched&quot;}\">\n\t\t\t\t\t\t<div class=\"elementor-container elementor-column-gap-wider\">\n\t\t\t\t\t<div class=\"elementor-column elementor-col-100 elementor-top-column elementor-element elementor-element-431bf1f\" data-id=\"431bf1f\" data-element_type=\"column\">\n\t\t\t<div class=\"elementor-widget-wrap elementor-element-populated\">\n\t\t\t\t\t\t\t\t<section class=\"elementor-section elementor-inner-section elementor-element elementor-element-e5383fb elementor-section-boxed elementor-section-height-default elementor-section-height-default\" data-id=\"e5383fb\" data-element_type=\"section\">\n\t\t\t\t\t\t<div class=\"elementor-container elementor-column-gap-no\">\n\t\t\t\t\t<div class=\"elementor-column elementor-col-100 elementor-inner-column elementor-element elementor-element-9079f19\" data-id=\"9079f19\" data-element_type=\"column\">\n\t\t\t<div class=\"elementor-widget-wrap elementor-element-populated\">\n\t\t\t\t\t\t\t\t<div class=\"elementor-element elementor-element-d4ef0f9 elementor-widget elementor-widget-text-editor\" data-id=\"d4ef0f9\" data-element_type=\"widget\" data-widget_type=\"text-editor.default\">\n\t\t\t\t<div class=\"elementor-widget-container\">\n\t\t\t\t\t\t\t\u00dcR\u00dcNLER\t\t\t\t\t\t<\/div>\n\t\t\t\t<\/div>\n\t\t\t\t\t<\/div>\n\t\t<\/div>\n\t\t\t\t\t\t\t<\/div>\n\t\t<\/section>\n\t\t\t\t<section class=\"elementor-section elementor-inner-section elementor-element elementor-element-33bc8f2 elementor-section-boxed elementor-section-height-default elementor-section-height-default\" data-id=\"33bc8f2\" data-element_type=\"section\">\n\t\t\t\t\t\t<div class=\"elementor-container elementor-column-gap-no\">\n\t\t\t\t\t<div class=\"elementor-column elementor-col-33 elementor-inner-column elementor-element elementor-element-14da4ab\" data-id=\"14da4ab\" data-element_type=\"column\">\n\t\t\t<div class=\"elementor-widget-wrap elementor-element-populated\">\n\t\t\t\t\t\t\t\t<div class=\"elementor-element elementor-element-2bb01c1 elementor-widget elementor-widget-image\" data-id=\"2bb01c1\" data-element_type=\"widget\" data-widget_type=\"image.default\">\n\t\t\t\t<div class=\"elementor-widget-container\">\n\t\t\t<style>\/*! elementor - v3.5.5 - 03-02-2022 *\/\n.elementor-widget-image{text-align:center}.elementor-widget-image a{display:inline-block}.elementor-widget-image a img[src$=\".svg\"]{width:48px}.elementor-widget-image img{vertical-align:middle;display:inline-block}<\/style>\t\t\t\t\t\t\t\t\t\t\t\t\t<a href=\"https:\/\/www.katsankutu.com\/zator\/wp-content\/uploads\/2022\/02\/yapistirici_uygulama_sistemi_nzv91.jpg\" data-elementor-open-lightbox=\"yes\" data-elementor-lightbox-title=\"yapistirici_uygulama_sistemi_nzv91\">\n\t\t\t\t\t\t\t<img loading=\"lazy\" decoding=\"async\" width=\"300\" height=\"300\" src=\"https:\/\/www.katsankutu.com\/zator\/wp-content\/uploads\/2022\/02\/yapistirici_uygulama_sistemi_nzv91-300x300.jpg\" class=\"attachment-medium size-medium\" alt=\"\" srcset=\"https:\/\/www.katsankutu.com\/zator\/wp-content\/uploads\/2022\/02\/yapistirici_uygulama_sistemi_nzv91-300x300.jpg 300w, https:\/\/www.katsankutu.com\/zator\/wp-content\/uploads\/2022\/02\/yapistirici_uygulama_sistemi_nzv91-150x150.jpg 150w, https:\/\/www.katsankutu.com\/zator\/wp-content\/uploads\/2022\/02\/yapistirici_uygulama_sistemi_nzv91-768x768.jpg 768w, https:\/\/www.katsankutu.com\/zator\/wp-content\/uploads\/2022\/02\/yapistirici_uygulama_sistemi_nzv91-146x146.jpg 146w, https:\/\/www.katsankutu.com\/zator\/wp-content\/uploads\/2022\/02\/yapistirici_uygulama_sistemi_nzv91-50x50.jpg 50w, https:\/\/www.katsankutu.com\/zator\/wp-content\/uploads\/2022\/02\/yapistirici_uygulama_sistemi_nzv91-75x75.jpg 75w, https:\/\/www.katsankutu.com\/zator\/wp-content\/uploads\/2022\/02\/yapistirici_uygulama_sistemi_nzv91-85x85.jpg 85w, https:\/\/www.katsankutu.com\/zator\/wp-content\/uploads\/2022\/02\/yapistirici_uygulama_sistemi_nzv91-80x80.jpg 80w, https:\/\/www.katsankutu.com\/zator\/wp-content\/uploads\/2022\/02\/yapistirici_uygulama_sistemi_nzv91.jpg 800w\" sizes=\"auto, (max-width: 300px) 100vw, 300px\" \/>\t\t\t\t\t\t\t\t<\/a>\n\t\t\t\t\t\t\t\t\t\t\t\t\t\t\t<\/div>\n\t\t\t\t<\/div>\n\t\t\t\t<div class=\"elementor-element elementor-element-e42c19b elementor-widget elementor-widget-text-editor\" data-id=\"e42c19b\" data-element_type=\"widget\" data-widget_type=\"text-editor.default\">\n\t\t\t\t<div class=\"elementor-widget-container\">\n\t\t\t\t\t\t\tYAPI\u015eTIRICI UYGULAMA S\u0130STEM\u0130 NZV91\t\t\t\t\t\t<\/div>\n\t\t\t\t<\/div>\n\t\t\t\t<div class=\"elementor-element elementor-element-464abf0 elementor-widget elementor-widget-text-editor\" data-id=\"464abf0\" data-element_type=\"widget\" data-widget_type=\"text-editor.default\">\n\t\t\t\t<div class=\"elementor-widget-container\">\n\t\t\t\t\t\t\tPoli\u00fcretan k\u00f6p\u00fc\u011f\u00fcn montaj\u0131 i\u00e7in iki bile\u015fenli su bazl\u0131 yap\u0131\u015ft\u0131r\u0131c\u0131 uygulamas\u0131 i\u00e7in sistem, ah\u015fap ve\t\t\t\t\t\t<\/div>\n\t\t\t\t<\/div>\n\t\t\t\t\t<\/div>\n\t\t<\/div>\n\t\t\t\t<div class=\"elementor-column elementor-col-33 elementor-inner-column elementor-element elementor-element-f650271\" data-id=\"f650271\" data-element_type=\"column\">\n\t\t\t<div class=\"elementor-widget-wrap elementor-element-populated\">\n\t\t\t\t\t\t\t\t<div class=\"elementor-element elementor-element-148a73d elementor-widget elementor-widget-image\" data-id=\"148a73d\" data-element_type=\"widget\" data-widget_type=\"image.default\">\n\t\t\t\t<div class=\"elementor-widget-container\">\n\t\t\t\t\t\t\t\t\t\t\t\t\t\t\t\t<a href=\"https:\/\/www.katsankutu.com\/zator\/wp-content\/uploads\/2022\/02\/yapistirici_uygulama_sistemi_nzv181_2.jpg\" data-elementor-open-lightbox=\"yes\" data-elementor-lightbox-title=\"yapistirici_uygulama_sistemi_nzv181_2\">\n\t\t\t\t\t\t\t<img loading=\"lazy\" decoding=\"async\" width=\"300\" height=\"300\" src=\"https:\/\/www.katsankutu.com\/zator\/wp-content\/uploads\/2022\/02\/yapistirici_uygulama_sistemi_nzv181_2-300x300.jpg\" class=\"attachment-medium size-medium\" alt=\"\" srcset=\"https:\/\/www.katsankutu.com\/zator\/wp-content\/uploads\/2022\/02\/yapistirici_uygulama_sistemi_nzv181_2-300x300.jpg 300w, https:\/\/www.katsankutu.com\/zator\/wp-content\/uploads\/2022\/02\/yapistirici_uygulama_sistemi_nzv181_2-150x150.jpg 150w, https:\/\/www.katsankutu.com\/zator\/wp-content\/uploads\/2022\/02\/yapistirici_uygulama_sistemi_nzv181_2-768x768.jpg 768w, https:\/\/www.katsankutu.com\/zator\/wp-content\/uploads\/2022\/02\/yapistirici_uygulama_sistemi_nzv181_2-146x146.jpg 146w, https:\/\/www.katsankutu.com\/zator\/wp-content\/uploads\/2022\/02\/yapistirici_uygulama_sistemi_nzv181_2-50x50.jpg 50w, https:\/\/www.katsankutu.com\/zator\/wp-content\/uploads\/2022\/02\/yapistirici_uygulama_sistemi_nzv181_2-75x75.jpg 75w, https:\/\/www.katsankutu.com\/zator\/wp-content\/uploads\/2022\/02\/yapistirici_uygulama_sistemi_nzv181_2-85x85.jpg 85w, https:\/\/www.katsankutu.com\/zator\/wp-content\/uploads\/2022\/02\/yapistirici_uygulama_sistemi_nzv181_2-80x80.jpg 80w, https:\/\/www.katsankutu.com\/zator\/wp-content\/uploads\/2022\/02\/yapistirici_uygulama_sistemi_nzv181_2.jpg 800w\" sizes=\"auto, (max-width: 300px) 100vw, 300px\" \/>\t\t\t\t\t\t\t\t<\/a>\n\t\t\t\t\t\t\t\t\t\t\t\t\t\t\t<\/div>\n\t\t\t\t<\/div>\n\t\t\t\t<div class=\"elementor-element elementor-element-7c21bd3 elementor-widget elementor-widget-text-editor\" data-id=\"7c21bd3\" data-element_type=\"widget\" data-widget_type=\"text-editor.default\">\n\t\t\t\t<div class=\"elementor-widget-container\">\n\t\t\t\t\t\t\tYAPI\u015eTIRICI UYGULAMAK \u0130\u00c7\u0130N S\u0130STEM NZV181\/2\t\t\t\t\t\t<\/div>\n\t\t\t\t<\/div>\n\t\t\t\t<div class=\"elementor-element elementor-element-e8245d0 elementor-widget elementor-widget-text-editor\" data-id=\"e8245d0\" data-element_type=\"widget\" data-widget_type=\"text-editor.default\">\n\t\t\t\t<div class=\"elementor-widget-container\">\n\t\t\t\t\t\t\tPoli\u00fcretan k\u00f6p\u00fc\u011f\u00fcn montaj\u0131 i\u00e7in iki bile\u015fenli su bazl\u0131 yap\u0131\u015ft\u0131r\u0131c\u0131 uygulamas\u0131 i\u00e7in sistem, ah\u015fap ve\t\t\t\t\t\t<\/div>\n\t\t\t\t<\/div>\n\t\t\t\t\t<\/div>\n\t\t<\/div>\n\t\t\t\t<div class=\"elementor-column elementor-col-33 elementor-inner-column elementor-element elementor-element-4e0a4e0\" data-id=\"4e0a4e0\" data-element_type=\"column\">\n\t\t\t<div class=\"elementor-widget-wrap elementor-element-populated\">\n\t\t\t\t\t\t\t\t<div class=\"elementor-element elementor-element-f128c55 elementor-widget elementor-widget-image\" data-id=\"f128c55\" data-element_type=\"widget\" data-widget_type=\"image.default\">\n\t\t\t\t<div class=\"elementor-widget-container\">\n\t\t\t\t\t\t\t\t\t\t\t\t\t\t\t\t<a href=\"https:\/\/www.katsankutu.com\/zator\/wp-content\/uploads\/2022\/02\/yapistirici_uygulama_sistemi_nzv182.jpg\" data-elementor-open-lightbox=\"yes\" data-elementor-lightbox-title=\"yapistirici_uygulama_sistemi_nzv182\">\n\t\t\t\t\t\t\t<img loading=\"lazy\" decoding=\"async\" width=\"300\" height=\"300\" src=\"https:\/\/www.katsankutu.com\/zator\/wp-content\/uploads\/2022\/02\/yapistirici_uygulama_sistemi_nzv182-300x300.jpg\" class=\"attachment-medium size-medium\" alt=\"\" srcset=\"https:\/\/www.katsankutu.com\/zator\/wp-content\/uploads\/2022\/02\/yapistirici_uygulama_sistemi_nzv182-300x300.jpg 300w, https:\/\/www.katsankutu.com\/zator\/wp-content\/uploads\/2022\/02\/yapistirici_uygulama_sistemi_nzv182-150x150.jpg 150w, https:\/\/www.katsankutu.com\/zator\/wp-content\/uploads\/2022\/02\/yapistirici_uygulama_sistemi_nzv182-768x768.jpg 768w, https:\/\/www.katsankutu.com\/zator\/wp-content\/uploads\/2022\/02\/yapistirici_uygulama_sistemi_nzv182-146x146.jpg 146w, https:\/\/www.katsankutu.com\/zator\/wp-content\/uploads\/2022\/02\/yapistirici_uygulama_sistemi_nzv182-50x50.jpg 50w, https:\/\/www.katsankutu.com\/zator\/wp-content\/uploads\/2022\/02\/yapistirici_uygulama_sistemi_nzv182-75x75.jpg 75w, https:\/\/www.katsankutu.com\/zator\/wp-content\/uploads\/2022\/02\/yapistirici_uygulama_sistemi_nzv182-85x85.jpg 85w, https:\/\/www.katsankutu.com\/zator\/wp-content\/uploads\/2022\/02\/yapistirici_uygulama_sistemi_nzv182-80x80.jpg 80w, https:\/\/www.katsankutu.com\/zator\/wp-content\/uploads\/2022\/02\/yapistirici_uygulama_sistemi_nzv182.jpg 800w\" sizes=\"auto, (max-width: 300px) 100vw, 300px\" \/>\t\t\t\t\t\t\t\t<\/a>\n\t\t\t\t\t\t\t\t\t\t\t\t\t\t\t<\/div>\n\t\t\t\t<\/div>\n\t\t\t\t<div class=\"elementor-element elementor-element-92f8e25 elementor-widget elementor-widget-text-editor\" data-id=\"92f8e25\" data-element_type=\"widget\" data-widget_type=\"text-editor.default\">\n\t\t\t\t<div class=\"elementor-widget-container\">\n\t\t\t\t\t\t\tYAPI\u015eTIRICI UYGULAMAK \u0130\u00c7\u0130N S\u0130STEM NZV182\t\t\t\t\t\t<\/div>\n\t\t\t\t<\/div>\n\t\t\t\t<div class=\"elementor-element elementor-element-d97a077 elementor-widget elementor-widget-text-editor\" data-id=\"d97a077\" data-element_type=\"widget\" data-widget_type=\"text-editor.default\">\n\t\t\t\t<div class=\"elementor-widget-container\">\n\t\t\t\t\t\t\tManuel p\u00fcsk\u00fcrtme tabancas\u0131 Pilot III-2K, yaln\u0131zca iki bile\u015fenli su banyosunun uygulanmas\u0131 i\u00e7in kullan\u0131l\u0131r.\t\t\t\t\t\t<\/div>\n\t\t\t\t<\/div>\n\t\t\t\t\t<\/div>\n\t\t<\/div>\n\t\t\t\t\t\t\t<\/div>\n\t\t<\/section>\n\t\t\t\t\t<\/div>\n\t\t<\/div>\n\t\t\t\t\t\t\t<\/div>\n\t\t<\/section>\n\t\t\t\t\t\t<\/div>\n\t\t\t\t\t<\/div>\n\t\t","protected":false},"excerpt":{"rendered":"<p>\u0130K\u0130 B\u0130LE\u015eENL\u0130 S\u0130STEMLER\u00dcR\u00dcNLER YAPI\u015eTIRICI UYGULAMA S\u0130STEM\u0130 NZV91Poli\u00fcretan k\u00f6p\u00fc\u011f\u00fcn montaj\u0131 i\u00e7in iki bile\u015fenli su bazl\u0131 yap\u0131\u015ft\u0131r\u0131c\u0131 uygulamas\u0131 i\u00e7in sistem, ah\u015fap ve YAPI\u015eTIRICI UYGULAMAK \u0130\u00c7\u0130N S\u0130STEM NZV181\/2Poli\u00fcretan k\u00f6p\u00fc\u011f\u00fcn<span class=\"excerpt-hellip\"> [\u2026]<\/span><\/p>\n","protected":false},"author":1,"featured_media":0,"parent":0,"menu_order":0,"comment_status":"closed","ping_status":"closed","template":"","meta":{"footnotes":""},"class_list":["post-1053","page","type-page","status-publish","hentry"],"_links":{"self":[{"href":"https:\/\/www.katsankutu.com\/zator\/wp-json\/wp\/v2\/pages\/1053","targetHints":{"allow":["GET"]}}],"collection":[{"href":"https:\/\/www.katsankutu.com\/zator\/wp-json\/wp\/v2\/pages"}],"about":[{"href":"https:\/\/www.katsankutu.com\/zator\/wp-json\/wp\/v2\/types\/page"}],"author":[{"embeddable":true,"href":"https:\/\/www.katsankutu.com\/zator\/wp-json\/wp\/v2\/users\/1"}],"replies":[{"embeddable":true,"href":"https:\/\/www.katsankutu.com\/zator\/wp-json\/wp\/v2\/comments?post=1053"}],"version-history":[{"count":0,"href":"https:\/\/www.katsankutu.com\/zator\/wp-json\/wp\/v2\/pages\/1053\/revisions"}],"wp:attachment":[{"href":"https:\/\/www.katsankutu.com\/zator\/wp-json\/wp\/v2\/media?parent=1053"}],"curies":[{"name":"wp","href":"https:\/\/api.w.org\/{rel}","templated":true}]}}