{"id":1084,"date":"2022-02-12T13:02:14","date_gmt":"2022-02-12T10:02:14","guid":{"rendered":"https:\/\/www.katsankutu.com\/zator\/?page_id=1084"},"modified":"2022-02-12T15:52:08","modified_gmt":"2022-02-12T12:52:08","slug":"elektromanyetik-silahlar","status":"publish","type":"page","link":"https:\/\/www.katsankutu.com\/zator\/elektromanyetik-silahlar\/","title":{"rendered":"Elektromanyetik Silahlar"},"content":{"rendered":"\t\t<div data-elementor-type=\"wp-page\" data-elementor-id=\"1084\" class=\"elementor elementor-1084\" data-elementor-settings=\"[]\">\n\t\t\t\t\t\t\t<div class=\"elementor-section-wrap\">\n\t\t\t\t\t\t\t<section class=\"elementor-section elementor-top-section elementor-element elementor-element-6f5d41c elementor-section-stretched elementor-section-full_width elementor-section-height-default elementor-section-height-default\" data-id=\"6f5d41c\" data-element_type=\"section\" data-settings=\"{&quot;stretch_section&quot;:&quot;section-stretched&quot;,&quot;background_background&quot;:&quot;classic&quot;}\">\n\t\t\t\t\t\t\t<div class=\"elementor-background-overlay\"><\/div>\n\t\t\t\t\t\t\t<div class=\"elementor-container elementor-column-gap-wider\">\n\t\t\t\t\t<div class=\"elementor-column elementor-col-50 elementor-top-column elementor-element elementor-element-fd3a07a\" data-id=\"fd3a07a\" data-element_type=\"column\" data-settings=\"{&quot;background_background&quot;:&quot;classic&quot;}\">\n\t\t\t<div class=\"elementor-widget-wrap\">\n\t\t\t\t\t<div class=\"elementor-background-overlay\"><\/div>\n\t\t\t\t\t\t\t\t\t<\/div>\n\t\t<\/div>\n\t\t\t\t<div class=\"elementor-column elementor-col-50 elementor-top-column elementor-element elementor-element-8319725\" data-id=\"8319725\" data-element_type=\"column\" data-settings=\"{&quot;background_background&quot;:&quot;classic&quot;}\">\n\t\t\t<div class=\"elementor-widget-wrap elementor-element-populated\">\n\t\t\t\t\t\t\t\t<div class=\"elementor-element elementor-element-3729620 elementor-widget elementor-widget-text-editor\" data-id=\"3729620\" data-element_type=\"widget\" data-widget_type=\"text-editor.default\">\n\t\t\t\t<div class=\"elementor-widget-container\">\n\t\t\t<style>\/*! elementor - v3.5.5 - 03-02-2022 *\/\n.elementor-widget-text-editor.elementor-drop-cap-view-stacked .elementor-drop-cap{background-color:#818a91;color:#fff}.elementor-widget-text-editor.elementor-drop-cap-view-framed .elementor-drop-cap{color:#818a91;border:3px solid;background-color:transparent}.elementor-widget-text-editor:not(.elementor-drop-cap-view-default) .elementor-drop-cap{margin-top:8px}.elementor-widget-text-editor:not(.elementor-drop-cap-view-default) .elementor-drop-cap-letter{width:1em;height:1em}.elementor-widget-text-editor .elementor-drop-cap{float:left;text-align:center;line-height:1;font-size:50px}.elementor-widget-text-editor .elementor-drop-cap-letter{display:inline-block}<\/style>\t\t\t\tELEKTROMANYET\u0130K S\u0130LAHLAR\t\t\t\t\t\t<\/div>\n\t\t\t\t<\/div>\n\t\t\t\t\t<\/div>\n\t\t<\/div>\n\t\t\t\t\t\t\t<\/div>\n\t\t<\/section>\n\t\t\t\t<section class=\"elementor-section elementor-top-section elementor-element elementor-element-103431a elementor-section-stretched elementor-section-boxed elementor-section-height-default elementor-section-height-default\" data-id=\"103431a\" data-element_type=\"section\" data-settings=\"{&quot;stretch_section&quot;:&quot;section-stretched&quot;}\">\n\t\t\t\t\t\t<div class=\"elementor-container elementor-column-gap-wider\">\n\t\t\t\t\t<div class=\"elementor-column elementor-col-100 elementor-top-column elementor-element elementor-element-431bf1f\" data-id=\"431bf1f\" data-element_type=\"column\">\n\t\t\t<div class=\"elementor-widget-wrap elementor-element-populated\">\n\t\t\t\t\t\t\t\t<section class=\"elementor-section elementor-inner-section elementor-element elementor-element-dfb0444 elementor-section-boxed elementor-section-height-default elementor-section-height-default\" data-id=\"dfb0444\" data-element_type=\"section\">\n\t\t\t\t\t\t<div class=\"elementor-container elementor-column-gap-no\">\n\t\t\t\t\t<div class=\"elementor-column elementor-col-100 elementor-inner-column elementor-element elementor-element-bbcec6f\" data-id=\"bbcec6f\" data-element_type=\"column\">\n\t\t\t<div class=\"elementor-widget-wrap elementor-element-populated\">\n\t\t\t\t\t\t\t\t<div class=\"elementor-element elementor-element-df2a217 elementor-widget elementor-widget-text-editor\" data-id=\"df2a217\" data-element_type=\"widget\" data-widget_type=\"text-editor.default\">\n\t\t\t\t<div class=\"elementor-widget-container\">\n\t\t\t\t\t\t\t<p>Elektromanyetik tabancalar, yap\u0131\u015ft\u0131r\u0131c\u0131 veya di\u011fer s\u0131v\u0131lar\u0131 y\u00fcksek frekansta da\u011f\u0131tmak i\u00e7in tasarlanm\u0131\u015ft\u0131r. Bu tabancalar \u00e7ok y\u00f6nl\u00fcd\u00fcr ve farkl\u0131 tiplerde d\u00fc\u015f\u00fck\/orta viskoziteli yap\u0131\u015ft\u0131r\u0131c\u0131lar veya s\u0131v\u0131lar ile kullan\u0131labilir.<\/p><p>Bu tip tabancalar\u0131n ana kalitesi, y\u00fcksek frekans ve hassasiyetin gerekli oldu\u011fu nokta veya \u00e7izgi uygulamalar\u0131n\u0131n temass\u0131z, \u00e7ok y\u00fcksek \u00e7al\u0131\u015fma frekans\u0131d\u0131r.<\/p><p>Hava beslemesine gerek yoktur, bu elektromanyetik tabancalar\u0131n g\u00fcvenilirli\u011fi, servis gerektirmeden uzun bir \u00e7al\u0131\u015fma \u00f6mr\u00fc sa\u011flar.<\/p><p>\u015eu anda tutkal da\u011f\u0131t\u0131m tabancalar\u0131 i\u00e7in en geli\u015fmi\u015f teknik \u00e7\u00f6z\u00fcmd\u00fcr.<\/p>\t\t\t\t\t\t<\/div>\n\t\t\t\t<\/div>\n\t\t\t\t\t<\/div>\n\t\t<\/div>\n\t\t\t\t\t\t\t<\/div>\n\t\t<\/section>\n\t\t\t\t<section class=\"elementor-section elementor-inner-section elementor-element elementor-element-e5383fb elementor-section-boxed elementor-section-height-default elementor-section-height-default\" data-id=\"e5383fb\" data-element_type=\"section\">\n\t\t\t\t\t\t<div class=\"elementor-container elementor-column-gap-no\">\n\t\t\t\t\t<div class=\"elementor-column elementor-col-100 elementor-inner-column elementor-element elementor-element-9079f19\" data-id=\"9079f19\" data-element_type=\"column\">\n\t\t\t<div class=\"elementor-widget-wrap elementor-element-populated\">\n\t\t\t\t\t\t\t\t<div class=\"elementor-element elementor-element-d4ef0f9 elementor-widget elementor-widget-text-editor\" data-id=\"d4ef0f9\" data-element_type=\"widget\" data-widget_type=\"text-editor.default\">\n\t\t\t\t<div class=\"elementor-widget-container\">\n\t\t\t\t\t\t\t\u00dcR\u00dcNLER\t\t\t\t\t\t<\/div>\n\t\t\t\t<\/div>\n\t\t\t\t\t<\/div>\n\t\t<\/div>\n\t\t\t\t\t\t\t<\/div>\n\t\t<\/section>\n\t\t\t\t<section class=\"elementor-section elementor-inner-section elementor-element elementor-element-33bc8f2 elementor-section-boxed elementor-section-height-default elementor-section-height-default\" data-id=\"33bc8f2\" data-element_type=\"section\">\n\t\t\t\t\t\t<div class=\"elementor-container elementor-column-gap-no\">\n\t\t\t\t\t<div class=\"elementor-column elementor-col-33 elementor-inner-column elementor-element elementor-element-c51166f\" data-id=\"c51166f\" data-element_type=\"column\">\n\t\t\t<div class=\"elementor-widget-wrap elementor-element-populated\">\n\t\t\t\t\t\t\t\t<div class=\"elementor-element elementor-element-609bc92 elementor-widget elementor-widget-image\" data-id=\"609bc92\" data-element_type=\"widget\" data-widget_type=\"image.default\">\n\t\t\t\t<div class=\"elementor-widget-container\">\n\t\t\t<style>\/*! elementor - v3.5.5 - 03-02-2022 *\/\n.elementor-widget-image{text-align:center}.elementor-widget-image a{display:inline-block}.elementor-widget-image a img[src$=\".svg\"]{width:48px}.elementor-widget-image img{vertical-align:middle;display:inline-block}<\/style>\t\t\t\t\t\t\t\t\t\t\t\t\t<a href=\"https:\/\/www.katsankutu.com\/zator\/wp-content\/uploads\/2022\/02\/elektromanyetik_valf_vh2.png\" data-elementor-open-lightbox=\"yes\" data-elementor-lightbox-title=\"ELEKTROMANYET\u0130K VALF VH2\" data-elementor-lightbox-description=\"ELEKTROMANYET\u0130K VALF VH2\">\n\t\t\t\t\t\t\t<img loading=\"lazy\" decoding=\"async\" width=\"300\" height=\"300\" src=\"https:\/\/www.katsankutu.com\/zator\/wp-content\/uploads\/2022\/02\/elektromanyetik_valf_vh2-300x300.png\" class=\"attachment-medium size-medium\" alt=\"ELEKTROMANYET\u0130K VALF VH2\" srcset=\"https:\/\/www.katsankutu.com\/zator\/wp-content\/uploads\/2022\/02\/elektromanyetik_valf_vh2-300x300.png 300w, https:\/\/www.katsankutu.com\/zator\/wp-content\/uploads\/2022\/02\/elektromanyetik_valf_vh2-150x150.png 150w, https:\/\/www.katsankutu.com\/zator\/wp-content\/uploads\/2022\/02\/elektromanyetik_valf_vh2-768x768.png 768w, https:\/\/www.katsankutu.com\/zator\/wp-content\/uploads\/2022\/02\/elektromanyetik_valf_vh2-146x146.png 146w, https:\/\/www.katsankutu.com\/zator\/wp-content\/uploads\/2022\/02\/elektromanyetik_valf_vh2-50x50.png 50w, https:\/\/www.katsankutu.com\/zator\/wp-content\/uploads\/2022\/02\/elektromanyetik_valf_vh2-75x75.png 75w, https:\/\/www.katsankutu.com\/zator\/wp-content\/uploads\/2022\/02\/elektromanyetik_valf_vh2-85x85.png 85w, https:\/\/www.katsankutu.com\/zator\/wp-content\/uploads\/2022\/02\/elektromanyetik_valf_vh2-80x80.png 80w, https:\/\/www.katsankutu.com\/zator\/wp-content\/uploads\/2022\/02\/elektromanyetik_valf_vh2.png 800w\" sizes=\"auto, (max-width: 300px) 100vw, 300px\" \/>\t\t\t\t\t\t\t\t<\/a>\n\t\t\t\t\t\t\t\t\t\t\t\t\t\t\t<\/div>\n\t\t\t\t<\/div>\n\t\t\t\t<div class=\"elementor-element elementor-element-ab05361 elementor-widget elementor-widget-text-editor\" data-id=\"ab05361\" data-element_type=\"widget\" data-widget_type=\"text-editor.default\">\n\t\t\t\t<div class=\"elementor-widget-container\">\n\t\t\t\t\t\t\t<p>ELEKTROMANYET\u0130K VALF VH2<\/p>\t\t\t\t\t\t<\/div>\n\t\t\t\t<\/div>\n\t\t\t\t<div class=\"elementor-element elementor-element-84aea29 elementor-widget elementor-widget-text-editor\" data-id=\"84aea29\" data-element_type=\"widget\" data-widget_type=\"text-editor.default\">\n\t\t\t\t<div class=\"elementor-widget-container\">\n\t\t\t\t\t\t\t<p>VH2 valfi, \u00f6nceki elektromanyetik valflerin yeni bir evrimidir.<\/p>\t\t\t\t\t\t<\/div>\n\t\t\t\t<\/div>\n\t\t\t\t\t<\/div>\n\t\t<\/div>\n\t\t\t\t<div class=\"elementor-column elementor-col-33 elementor-inner-column elementor-element elementor-element-f61189a\" data-id=\"f61189a\" data-element_type=\"column\">\n\t\t\t<div class=\"elementor-widget-wrap elementor-element-populated\">\n\t\t\t\t\t\t\t\t<div class=\"elementor-element elementor-element-3f0f5df elementor-widget elementor-widget-image\" data-id=\"3f0f5df\" data-element_type=\"widget\" data-widget_type=\"image.default\">\n\t\t\t\t<div class=\"elementor-widget-container\">\n\t\t\t\t\t\t\t\t\t\t\t\t\t\t\t\t<a href=\"https:\/\/www.katsankutu.com\/zator\/wp-content\/uploads\/2022\/02\/elektromanyetik_valf_dlk16.jpg\" data-elementor-open-lightbox=\"yes\" data-elementor-lightbox-title=\"ELEKTROMANYET\u0130K VALF DLK16\" data-elementor-lightbox-description=\"ELEKTROMANYET\u0130K VALF DLK16\">\n\t\t\t\t\t\t\t<img loading=\"lazy\" decoding=\"async\" width=\"300\" height=\"300\" src=\"https:\/\/www.katsankutu.com\/zator\/wp-content\/uploads\/2022\/02\/elektromanyetik_valf_dlk16-300x300.jpg\" class=\"attachment-medium size-medium\" alt=\"ELEKTROMANYET\u0130K VALF DLK16\" srcset=\"https:\/\/www.katsankutu.com\/zator\/wp-content\/uploads\/2022\/02\/elektromanyetik_valf_dlk16-300x300.jpg 300w, https:\/\/www.katsankutu.com\/zator\/wp-content\/uploads\/2022\/02\/elektromanyetik_valf_dlk16-150x150.jpg 150w, https:\/\/www.katsankutu.com\/zator\/wp-content\/uploads\/2022\/02\/elektromanyetik_valf_dlk16-768x768.jpg 768w, https:\/\/www.katsankutu.com\/zator\/wp-content\/uploads\/2022\/02\/elektromanyetik_valf_dlk16-146x146.jpg 146w, https:\/\/www.katsankutu.com\/zator\/wp-content\/uploads\/2022\/02\/elektromanyetik_valf_dlk16-50x50.jpg 50w, https:\/\/www.katsankutu.com\/zator\/wp-content\/uploads\/2022\/02\/elektromanyetik_valf_dlk16-75x75.jpg 75w, https:\/\/www.katsankutu.com\/zator\/wp-content\/uploads\/2022\/02\/elektromanyetik_valf_dlk16-85x85.jpg 85w, https:\/\/www.katsankutu.com\/zator\/wp-content\/uploads\/2022\/02\/elektromanyetik_valf_dlk16-80x80.jpg 80w, https:\/\/www.katsankutu.com\/zator\/wp-content\/uploads\/2022\/02\/elektromanyetik_valf_dlk16.jpg 800w\" sizes=\"auto, (max-width: 300px) 100vw, 300px\" \/>\t\t\t\t\t\t\t\t<\/a>\n\t\t\t\t\t\t\t\t\t\t\t\t\t\t\t<\/div>\n\t\t\t\t<\/div>\n\t\t\t\t<div class=\"elementor-element elementor-element-868c369 elementor-widget elementor-widget-text-editor\" data-id=\"868c369\" data-element_type=\"widget\" data-widget_type=\"text-editor.default\">\n\t\t\t\t<div class=\"elementor-widget-container\">\n\t\t\t\t\t\t\t<p>ELEKTROMANYET\u0130K VALF DLK16<\/p>\t\t\t\t\t\t<\/div>\n\t\t\t\t<\/div>\n\t\t\t\t<div class=\"elementor-element elementor-element-11d7035 elementor-widget elementor-widget-text-editor\" data-id=\"11d7035\" data-element_type=\"widget\" data-widget_type=\"text-editor.default\">\n\t\t\t\t<div class=\"elementor-widget-container\">\n\t\t\t\t\t\t\t<p>Elektromanyetik valf DLK16, \u00e7e\u015fitli \u00fcr\u00fcnlerde kullan\u0131lmak \u00fczere tasarlanm\u0131\u015f ve ger\u00e7ekle\u015ftirilmi\u015ftir.<\/p>\t\t\t\t\t\t<\/div>\n\t\t\t\t<\/div>\n\t\t\t\t\t<\/div>\n\t\t<\/div>\n\t\t\t\t<div class=\"elementor-column elementor-col-33 elementor-inner-column elementor-element elementor-element-3dcf893\" data-id=\"3dcf893\" data-element_type=\"column\">\n\t\t\t<div class=\"elementor-widget-wrap elementor-element-populated\">\n\t\t\t\t\t\t\t\t<div class=\"elementor-element elementor-element-61c397d elementor-widget elementor-widget-image\" data-id=\"61c397d\" data-element_type=\"widget\" data-widget_type=\"image.default\">\n\t\t\t\t<div class=\"elementor-widget-container\">\n\t\t\t\t\t\t\t\t\t\t\t\t\t\t\t\t<a href=\"https:\/\/www.katsankutu.com\/zator\/wp-content\/uploads\/2022\/02\/elektromanyetik_valf_dlk22kv.jpg\" data-elementor-open-lightbox=\"yes\" data-elementor-lightbox-title=\"ELEKTROMANYET\u0130K VALF DLK22KVELEKTROMANYET\u0130K VALF DLK22KV\" data-elementor-lightbox-description=\"ELEKTROMANYET\u0130K VALF DLK22KV\">\n\t\t\t\t\t\t\t<img loading=\"lazy\" decoding=\"async\" width=\"300\" height=\"300\" src=\"https:\/\/www.katsankutu.com\/zator\/wp-content\/uploads\/2022\/02\/elektromanyetik_valf_dlk22kv-300x300.jpg\" class=\"attachment-medium size-medium\" alt=\"ELEKTROMANYET\u0130K VALF DLK22KV\" srcset=\"https:\/\/www.katsankutu.com\/zator\/wp-content\/uploads\/2022\/02\/elektromanyetik_valf_dlk22kv-300x300.jpg 300w, https:\/\/www.katsankutu.com\/zator\/wp-content\/uploads\/2022\/02\/elektromanyetik_valf_dlk22kv-150x150.jpg 150w, https:\/\/www.katsankutu.com\/zator\/wp-content\/uploads\/2022\/02\/elektromanyetik_valf_dlk22kv-768x768.jpg 768w, https:\/\/www.katsankutu.com\/zator\/wp-content\/uploads\/2022\/02\/elektromanyetik_valf_dlk22kv-146x146.jpg 146w, https:\/\/www.katsankutu.com\/zator\/wp-content\/uploads\/2022\/02\/elektromanyetik_valf_dlk22kv-50x50.jpg 50w, https:\/\/www.katsankutu.com\/zator\/wp-content\/uploads\/2022\/02\/elektromanyetik_valf_dlk22kv-75x75.jpg 75w, https:\/\/www.katsankutu.com\/zator\/wp-content\/uploads\/2022\/02\/elektromanyetik_valf_dlk22kv-85x85.jpg 85w, https:\/\/www.katsankutu.com\/zator\/wp-content\/uploads\/2022\/02\/elektromanyetik_valf_dlk22kv-80x80.jpg 80w, https:\/\/www.katsankutu.com\/zator\/wp-content\/uploads\/2022\/02\/elektromanyetik_valf_dlk22kv.jpg 800w\" sizes=\"auto, (max-width: 300px) 100vw, 300px\" \/>\t\t\t\t\t\t\t\t<\/a>\n\t\t\t\t\t\t\t\t\t\t\t\t\t\t\t<\/div>\n\t\t\t\t<\/div>\n\t\t\t\t<div class=\"elementor-element elementor-element-ea06096 elementor-widget elementor-widget-text-editor\" data-id=\"ea06096\" data-element_type=\"widget\" data-widget_type=\"text-editor.default\">\n\t\t\t\t<div class=\"elementor-widget-container\">\n\t\t\t\t\t\t\t<p>ELEKTROMANYET\u0130K VALF DLK22KV<\/p>\t\t\t\t\t\t<\/div>\n\t\t\t\t<\/div>\n\t\t\t\t<div class=\"elementor-element elementor-element-5a6ccfa elementor-widget elementor-widget-text-editor\" data-id=\"5a6ccfa\" data-element_type=\"widget\" data-widget_type=\"text-editor.default\">\n\t\t\t\t<div class=\"elementor-widget-container\">\n\t\t\t\t\t\t\t<p>Y\u00fcksek h\u0131zl\u0131 tutkal noktalar\u0131 uygulamas\u0131 i\u00e7in elektromanyetik valf.<\/p>\t\t\t\t\t\t<\/div>\n\t\t\t\t<\/div>\n\t\t\t\t\t<\/div>\n\t\t<\/div>\n\t\t\t\t\t\t\t<\/div>\n\t\t<\/section>\n\t\t\t\t<section class=\"elementor-section elementor-inner-section elementor-element elementor-element-04cbed1 elementor-section-boxed elementor-section-height-default elementor-section-height-default\" data-id=\"04cbed1\" data-element_type=\"section\">\n\t\t\t\t\t\t<div class=\"elementor-container elementor-column-gap-no\">\n\t\t\t\t\t<div class=\"elementor-column elementor-col-33 elementor-inner-column elementor-element elementor-element-052d91c\" data-id=\"052d91c\" data-element_type=\"column\">\n\t\t\t<div class=\"elementor-widget-wrap elementor-element-populated\">\n\t\t\t\t\t\t\t\t<div class=\"elementor-element elementor-element-fa0a5df elementor-widget elementor-widget-image\" data-id=\"fa0a5df\" data-element_type=\"widget\" data-widget_type=\"image.default\">\n\t\t\t\t<div class=\"elementor-widget-container\">\n\t\t\t\t\t\t\t\t\t\t\t\t\t\t\t\t<a href=\"https:\/\/www.katsankutu.com\/zator\/wp-content\/uploads\/2022\/02\/elektromanyetik_valf_dlk22lv.jpg\" data-elementor-open-lightbox=\"yes\" data-elementor-lightbox-title=\"ELEKTROMANYET\u0130K VALF DLK22LV\" data-elementor-lightbox-description=\"ELEKTROMANYET\u0130K VALF DLK22LV\">\n\t\t\t\t\t\t\t<img loading=\"lazy\" decoding=\"async\" width=\"300\" height=\"300\" src=\"https:\/\/www.katsankutu.com\/zator\/wp-content\/uploads\/2022\/02\/elektromanyetik_valf_dlk22lv-300x300.jpg\" class=\"attachment-medium size-medium\" alt=\"ELEKTROMANYET\u0130K VALF DLK22LV\" srcset=\"https:\/\/www.katsankutu.com\/zator\/wp-content\/uploads\/2022\/02\/elektromanyetik_valf_dlk22lv-300x300.jpg 300w, https:\/\/www.katsankutu.com\/zator\/wp-content\/uploads\/2022\/02\/elektromanyetik_valf_dlk22lv-150x150.jpg 150w, https:\/\/www.katsankutu.com\/zator\/wp-content\/uploads\/2022\/02\/elektromanyetik_valf_dlk22lv-768x768.jpg 768w, https:\/\/www.katsankutu.com\/zator\/wp-content\/uploads\/2022\/02\/elektromanyetik_valf_dlk22lv-146x146.jpg 146w, https:\/\/www.katsankutu.com\/zator\/wp-content\/uploads\/2022\/02\/elektromanyetik_valf_dlk22lv-50x50.jpg 50w, https:\/\/www.katsankutu.com\/zator\/wp-content\/uploads\/2022\/02\/elektromanyetik_valf_dlk22lv-75x75.jpg 75w, https:\/\/www.katsankutu.com\/zator\/wp-content\/uploads\/2022\/02\/elektromanyetik_valf_dlk22lv-85x85.jpg 85w, https:\/\/www.katsankutu.com\/zator\/wp-content\/uploads\/2022\/02\/elektromanyetik_valf_dlk22lv-80x80.jpg 80w, https:\/\/www.katsankutu.com\/zator\/wp-content\/uploads\/2022\/02\/elektromanyetik_valf_dlk22lv.jpg 800w\" sizes=\"auto, (max-width: 300px) 100vw, 300px\" \/>\t\t\t\t\t\t\t\t<\/a>\n\t\t\t\t\t\t\t\t\t\t\t\t\t\t\t<\/div>\n\t\t\t\t<\/div>\n\t\t\t\t<div class=\"elementor-element elementor-element-bde2c88 elementor-widget elementor-widget-text-editor\" data-id=\"bde2c88\" data-element_type=\"widget\" data-widget_type=\"text-editor.default\">\n\t\t\t\t<div class=\"elementor-widget-container\">\n\t\t\t\t\t\t\t<p>ELEKTROMANYET\u0130K VALF VH2<\/p>\t\t\t\t\t\t<\/div>\n\t\t\t\t<\/div>\n\t\t\t\t<div class=\"elementor-element elementor-element-d5221f2 elementor-widget elementor-widget-text-editor\" data-id=\"d5221f2\" data-element_type=\"widget\" data-widget_type=\"text-editor.default\">\n\t\t\t\t<div class=\"elementor-widget-container\">\n\t\t\t\t\t\t\t<p>Y\u00fcksek h\u0131zl\u0131 tutkal noktalar\u0131 ve \u00e7izgi uygulamas\u0131 i\u00e7in elektromanyetik valf. D\u00fc\u015f\u00fck ve orta viskozite i\u00e7in.<\/p>\t\t\t\t\t\t<\/div>\n\t\t\t\t<\/div>\n\t\t\t\t\t<\/div>\n\t\t<\/div>\n\t\t\t\t<div class=\"elementor-column elementor-col-33 elementor-inner-column elementor-element elementor-element-2a4738e\" data-id=\"2a4738e\" data-element_type=\"column\">\n\t\t\t<div class=\"elementor-widget-wrap elementor-element-populated\">\n\t\t\t\t\t\t\t\t<div class=\"elementor-element elementor-element-281ca51 elementor-widget elementor-widget-image\" data-id=\"281ca51\" data-element_type=\"widget\" data-widget_type=\"image.default\">\n\t\t\t\t<div class=\"elementor-widget-container\">\n\t\t\t\t\t\t\t\t\t\t\t\t\t\t\t\t<a href=\"https:\/\/www.katsankutu.com\/zator\/wp-content\/uploads\/2022\/02\/elektromanyetik_valf_dlk22lt_lc.jpg\" data-elementor-open-lightbox=\"yes\" data-elementor-lightbox-title=\"ELEKTROMANYET\u0130K VALF DLK22LT-LC\" data-elementor-lightbox-description=\"ELEKTROMANYET\u0130K VALF DLK22LT-LC\">\n\t\t\t\t\t\t\t<img loading=\"lazy\" decoding=\"async\" width=\"300\" height=\"300\" src=\"https:\/\/www.katsankutu.com\/zator\/wp-content\/uploads\/2022\/02\/elektromanyetik_valf_dlk22lt_lc-300x300.jpg\" class=\"attachment-medium size-medium\" alt=\"ELEKTROMANYET\u0130K VALF DLK22LT-LC\" srcset=\"https:\/\/www.katsankutu.com\/zator\/wp-content\/uploads\/2022\/02\/elektromanyetik_valf_dlk22lt_lc-300x300.jpg 300w, https:\/\/www.katsankutu.com\/zator\/wp-content\/uploads\/2022\/02\/elektromanyetik_valf_dlk22lt_lc-150x150.jpg 150w, https:\/\/www.katsankutu.com\/zator\/wp-content\/uploads\/2022\/02\/elektromanyetik_valf_dlk22lt_lc-768x768.jpg 768w, https:\/\/www.katsankutu.com\/zator\/wp-content\/uploads\/2022\/02\/elektromanyetik_valf_dlk22lt_lc-146x146.jpg 146w, https:\/\/www.katsankutu.com\/zator\/wp-content\/uploads\/2022\/02\/elektromanyetik_valf_dlk22lt_lc-50x50.jpg 50w, https:\/\/www.katsankutu.com\/zator\/wp-content\/uploads\/2022\/02\/elektromanyetik_valf_dlk22lt_lc-75x75.jpg 75w, https:\/\/www.katsankutu.com\/zator\/wp-content\/uploads\/2022\/02\/elektromanyetik_valf_dlk22lt_lc-85x85.jpg 85w, https:\/\/www.katsankutu.com\/zator\/wp-content\/uploads\/2022\/02\/elektromanyetik_valf_dlk22lt_lc-80x80.jpg 80w, https:\/\/www.katsankutu.com\/zator\/wp-content\/uploads\/2022\/02\/elektromanyetik_valf_dlk22lt_lc.jpg 800w\" sizes=\"auto, (max-width: 300px) 100vw, 300px\" \/>\t\t\t\t\t\t\t\t<\/a>\n\t\t\t\t\t\t\t\t\t\t\t\t\t\t\t<\/div>\n\t\t\t\t<\/div>\n\t\t\t\t<div class=\"elementor-element elementor-element-5ca47ab elementor-widget elementor-widget-text-editor\" data-id=\"5ca47ab\" data-element_type=\"widget\" data-widget_type=\"text-editor.default\">\n\t\t\t\t<div class=\"elementor-widget-container\">\n\t\t\t\t\t\t\t<p>ELEKTROMANYET\u0130K VALF DLK22LT-LC<\/p>\t\t\t\t\t\t<\/div>\n\t\t\t\t<\/div>\n\t\t\t\t<div class=\"elementor-element elementor-element-d550f74 elementor-widget elementor-widget-text-editor\" data-id=\"d550f74\" data-element_type=\"widget\" data-widget_type=\"text-editor.default\">\n\t\t\t\t<div class=\"elementor-widget-container\">\n\t\t\t\t\t\t\t<p>Y\u00fcksek h\u0131zl\u0131 tutkal noktalar\u0131 ve \u00e7izgi uygulamas\u0131 i\u00e7in elektromanyetik valf. D\u00fc\u015f\u00fck ve orta viskozite i\u00e7in.<\/p>\t\t\t\t\t\t<\/div>\n\t\t\t\t<\/div>\n\t\t\t\t\t<\/div>\n\t\t<\/div>\n\t\t\t\t<div class=\"elementor-column elementor-col-33 elementor-inner-column elementor-element elementor-element-260695a\" data-id=\"260695a\" data-element_type=\"column\">\n\t\t\t<div class=\"elementor-widget-wrap elementor-element-populated\">\n\t\t\t\t\t\t\t\t<div class=\"elementor-element elementor-element-de8607b elementor-widget elementor-widget-image\" data-id=\"de8607b\" data-element_type=\"widget\" data-widget_type=\"image.default\">\n\t\t\t\t<div class=\"elementor-widget-container\">\n\t\t\t\t\t\t\t\t\t\t\t\t\t\t\t\t<a href=\"https:\/\/www.katsankutu.com\/zator\/wp-content\/uploads\/2022\/02\/elektromanyetik_valf_spreyi_dlk22s.jpg\" data-elementor-open-lightbox=\"yes\" data-elementor-lightbox-title=\"ELEKTROMANYET\u0130K VALF SPREY\u0130 DLK22S\" data-elementor-lightbox-description=\"ELEKTROMANYET\u0130K VALF SPREY\u0130 DLK22S\">\n\t\t\t\t\t\t\t<img loading=\"lazy\" decoding=\"async\" width=\"300\" height=\"300\" src=\"https:\/\/www.katsankutu.com\/zator\/wp-content\/uploads\/2022\/02\/elektromanyetik_valf_spreyi_dlk22s-300x300.jpg\" class=\"attachment-medium size-medium\" alt=\"ELEKTROMANYET\u0130K VALF SPREY\u0130 DLK22S\" srcset=\"https:\/\/www.katsankutu.com\/zator\/wp-content\/uploads\/2022\/02\/elektromanyetik_valf_spreyi_dlk22s-300x300.jpg 300w, https:\/\/www.katsankutu.com\/zator\/wp-content\/uploads\/2022\/02\/elektromanyetik_valf_spreyi_dlk22s-150x150.jpg 150w, https:\/\/www.katsankutu.com\/zator\/wp-content\/uploads\/2022\/02\/elektromanyetik_valf_spreyi_dlk22s-768x768.jpg 768w, https:\/\/www.katsankutu.com\/zator\/wp-content\/uploads\/2022\/02\/elektromanyetik_valf_spreyi_dlk22s-146x146.jpg 146w, https:\/\/www.katsankutu.com\/zator\/wp-content\/uploads\/2022\/02\/elektromanyetik_valf_spreyi_dlk22s-50x50.jpg 50w, https:\/\/www.katsankutu.com\/zator\/wp-content\/uploads\/2022\/02\/elektromanyetik_valf_spreyi_dlk22s-75x75.jpg 75w, https:\/\/www.katsankutu.com\/zator\/wp-content\/uploads\/2022\/02\/elektromanyetik_valf_spreyi_dlk22s-85x85.jpg 85w, https:\/\/www.katsankutu.com\/zator\/wp-content\/uploads\/2022\/02\/elektromanyetik_valf_spreyi_dlk22s-80x80.jpg 80w, https:\/\/www.katsankutu.com\/zator\/wp-content\/uploads\/2022\/02\/elektromanyetik_valf_spreyi_dlk22s.jpg 800w\" sizes=\"auto, (max-width: 300px) 100vw, 300px\" \/>\t\t\t\t\t\t\t\t<\/a>\n\t\t\t\t\t\t\t\t\t\t\t\t\t\t\t<\/div>\n\t\t\t\t<\/div>\n\t\t\t\t<div class=\"elementor-element elementor-element-14e4bfd elementor-widget elementor-widget-text-editor\" data-id=\"14e4bfd\" data-element_type=\"widget\" data-widget_type=\"text-editor.default\">\n\t\t\t\t<div class=\"elementor-widget-container\">\n\t\t\t\t\t\t\t<p>ELEKTROMANYET\u0130K VALF SPREY\u0130 DLK22S<\/p>\t\t\t\t\t\t<\/div>\n\t\t\t\t<\/div>\n\t\t\t\t<div class=\"elementor-element elementor-element-d1ff723 elementor-widget elementor-widget-text-editor\" data-id=\"d1ff723\" data-element_type=\"widget\" data-widget_type=\"text-editor.default\">\n\t\t\t\t<div class=\"elementor-widget-container\">\n\t\t\t\t\t\t\t<p>Y\u00fcksek h\u0131zl\u0131 tutkal p\u00fcsk\u00fcrtme uygulamas\u0131 i\u00e7in elektromanyetik valf.<\/p>\t\t\t\t\t\t<\/div>\n\t\t\t\t<\/div>\n\t\t\t\t\t<\/div>\n\t\t<\/div>\n\t\t\t\t\t\t\t<\/div>\n\t\t<\/section>\n\t\t\t\t\t<\/div>\n\t\t<\/div>\n\t\t\t\t\t\t\t<\/div>\n\t\t<\/section>\n\t\t\t\t\t\t<\/div>\n\t\t\t\t\t<\/div>\n\t\t","protected":false},"excerpt":{"rendered":"<p>ELEKTROMANYET\u0130K S\u0130LAHLAR Elektromanyetik tabancalar, yap\u0131\u015ft\u0131r\u0131c\u0131 veya di\u011fer s\u0131v\u0131lar\u0131 y\u00fcksek frekansta da\u011f\u0131tmak i\u00e7in tasarlanm\u0131\u015ft\u0131r. Bu tabancalar \u00e7ok y\u00f6nl\u00fcd\u00fcr ve farkl\u0131 tiplerde d\u00fc\u015f\u00fck\/orta viskoziteli yap\u0131\u015ft\u0131r\u0131c\u0131lar veya s\u0131v\u0131lar ile<span class=\"excerpt-hellip\"> [\u2026]<\/span><\/p>\n","protected":false},"author":1,"featured_media":0,"parent":0,"menu_order":0,"comment_status":"closed","ping_status":"closed","template":"","meta":{"footnotes":""},"class_list":["post-1084","page","type-page","status-publish","hentry"],"_links":{"self":[{"href":"https:\/\/www.katsankutu.com\/zator\/wp-json\/wp\/v2\/pages\/1084","targetHints":{"allow":["GET"]}}],"collection":[{"href":"https:\/\/www.katsankutu.com\/zator\/wp-json\/wp\/v2\/pages"}],"about":[{"href":"https:\/\/www.katsankutu.com\/zator\/wp-json\/wp\/v2\/types\/page"}],"author":[{"embeddable":true,"href":"https:\/\/www.katsankutu.com\/zator\/wp-json\/wp\/v2\/users\/1"}],"replies":[{"embeddable":true,"href":"https:\/\/www.katsankutu.com\/zator\/wp-json\/wp\/v2\/comments?post=1084"}],"version-history":[{"count":0,"href":"https:\/\/www.katsankutu.com\/zator\/wp-json\/wp\/v2\/pages\/1084\/revisions"}],"wp:attachment":[{"href":"https:\/\/www.katsankutu.com\/zator\/wp-json\/wp\/v2\/media?parent=1084"}],"curies":[{"name":"wp","href":"https:\/\/api.w.org\/{rel}","templated":true}]}}