{"id":1093,"date":"2022-02-12T13:19:32","date_gmt":"2022-02-12T10:19:32","guid":{"rendered":"https:\/\/www.katsankutu.com\/zator\/?page_id=1093"},"modified":"2022-02-12T15:52:44","modified_gmt":"2022-02-12T12:52:44","slug":"puskurtme-tabancalari","status":"publish","type":"page","link":"https:\/\/www.katsankutu.com\/zator\/puskurtme-tabancalari\/","title":{"rendered":"P\u00fcsk\u00fcrtme Tabancalari"},"content":{"rendered":"\t\t<div data-elementor-type=\"wp-page\" data-elementor-id=\"1093\" class=\"elementor elementor-1093\" data-elementor-settings=\"[]\">\n\t\t\t\t\t\t\t<div class=\"elementor-section-wrap\">\n\t\t\t\t\t\t\t<section class=\"elementor-section elementor-top-section elementor-element elementor-element-6f5d41c elementor-section-stretched elementor-section-full_width elementor-section-height-default elementor-section-height-default\" data-id=\"6f5d41c\" data-element_type=\"section\" data-settings=\"{&quot;stretch_section&quot;:&quot;section-stretched&quot;,&quot;background_background&quot;:&quot;classic&quot;}\">\n\t\t\t\t\t\t\t<div class=\"elementor-background-overlay\"><\/div>\n\t\t\t\t\t\t\t<div class=\"elementor-container elementor-column-gap-wider\">\n\t\t\t\t\t<div class=\"elementor-column elementor-col-50 elementor-top-column elementor-element elementor-element-fd3a07a\" data-id=\"fd3a07a\" data-element_type=\"column\" data-settings=\"{&quot;background_background&quot;:&quot;classic&quot;}\">\n\t\t\t<div class=\"elementor-widget-wrap\">\n\t\t\t\t\t<div class=\"elementor-background-overlay\"><\/div>\n\t\t\t\t\t\t\t\t\t<\/div>\n\t\t<\/div>\n\t\t\t\t<div class=\"elementor-column elementor-col-50 elementor-top-column elementor-element elementor-element-8319725\" data-id=\"8319725\" data-element_type=\"column\" data-settings=\"{&quot;background_background&quot;:&quot;classic&quot;}\">\n\t\t\t<div class=\"elementor-widget-wrap elementor-element-populated\">\n\t\t\t\t\t\t\t\t<div class=\"elementor-element elementor-element-3729620 elementor-widget elementor-widget-text-editor\" data-id=\"3729620\" data-element_type=\"widget\" data-widget_type=\"text-editor.default\">\n\t\t\t\t<div class=\"elementor-widget-container\">\n\t\t\t<style>\/*! elementor - v3.5.5 - 03-02-2022 *\/\n.elementor-widget-text-editor.elementor-drop-cap-view-stacked .elementor-drop-cap{background-color:#818a91;color:#fff}.elementor-widget-text-editor.elementor-drop-cap-view-framed .elementor-drop-cap{color:#818a91;border:3px solid;background-color:transparent}.elementor-widget-text-editor:not(.elementor-drop-cap-view-default) .elementor-drop-cap{margin-top:8px}.elementor-widget-text-editor:not(.elementor-drop-cap-view-default) .elementor-drop-cap-letter{width:1em;height:1em}.elementor-widget-text-editor .elementor-drop-cap{float:left;text-align:center;line-height:1;font-size:50px}.elementor-widget-text-editor .elementor-drop-cap-letter{display:inline-block}<\/style>\t\t\t\tP\u00dcSK\u00dcRTME TABANCALARI\t\t\t\t\t\t<\/div>\n\t\t\t\t<\/div>\n\t\t\t\t\t<\/div>\n\t\t<\/div>\n\t\t\t\t\t\t\t<\/div>\n\t\t<\/section>\n\t\t\t\t<section class=\"elementor-section elementor-top-section elementor-element elementor-element-103431a elementor-section-stretched elementor-section-boxed elementor-section-height-default elementor-section-height-default\" data-id=\"103431a\" data-element_type=\"section\" data-settings=\"{&quot;stretch_section&quot;:&quot;section-stretched&quot;}\">\n\t\t\t\t\t\t<div class=\"elementor-container elementor-column-gap-wider\">\n\t\t\t\t\t<div class=\"elementor-column elementor-col-100 elementor-top-column elementor-element elementor-element-431bf1f\" data-id=\"431bf1f\" data-element_type=\"column\">\n\t\t\t<div class=\"elementor-widget-wrap elementor-element-populated\">\n\t\t\t\t\t\t\t\t<section class=\"elementor-section elementor-inner-section elementor-element elementor-element-dfb0444 elementor-section-boxed elementor-section-height-default elementor-section-height-default\" data-id=\"dfb0444\" data-element_type=\"section\">\n\t\t\t\t\t\t<div class=\"elementor-container elementor-column-gap-no\">\n\t\t\t\t\t<div class=\"elementor-column elementor-col-100 elementor-inner-column elementor-element elementor-element-bbcec6f\" data-id=\"bbcec6f\" data-element_type=\"column\">\n\t\t\t<div class=\"elementor-widget-wrap elementor-element-populated\">\n\t\t\t\t\t\t\t\t<div class=\"elementor-element elementor-element-df2a217 elementor-widget elementor-widget-text-editor\" data-id=\"df2a217\" data-element_type=\"widget\" data-widget_type=\"text-editor.default\">\n\t\t\t\t<div class=\"elementor-widget-container\">\n\t\t\t\t\t\t\t<p>Farkl\u0131 tipteki yap\u0131\u015ft\u0131r\u0131c\u0131lar\u0131, yap\u0131\u015ft\u0131r\u0131c\u0131lar\u0131 ve s\u0131v\u0131lar\u0131 p\u00fcsk\u00fcrtmek i\u00e7in kullan\u0131lan elektro-pn\u00f6matik p\u00fcsk\u00fcrtme tabancas\u0131. Mukavemet ve kompakt boyut, tabancan\u0131n uzun \u00e7al\u0131\u015fma s\u00fcresini sa\u011flayan yap\u0131\u015fmaz kaplamal\u0131 meme ve kapak ve kendi kendini temizleyen bir i\u011fne \u00f6zelli\u011fine sahiptirler.<\/p><p>Tutkal miktar\u0131n\u0131n hassas bir \u015fekilde kontrol edilmesini sa\u011flayan bir mikrometrik ayar ile de mevcuttur.<\/p>\t\t\t\t\t\t<\/div>\n\t\t\t\t<\/div>\n\t\t\t\t\t<\/div>\n\t\t<\/div>\n\t\t\t\t\t\t\t<\/div>\n\t\t<\/section>\n\t\t\t\t<section class=\"elementor-section elementor-inner-section elementor-element elementor-element-e5383fb elementor-section-boxed elementor-section-height-default elementor-section-height-default\" data-id=\"e5383fb\" data-element_type=\"section\">\n\t\t\t\t\t\t<div class=\"elementor-container elementor-column-gap-no\">\n\t\t\t\t\t<div class=\"elementor-column elementor-col-100 elementor-inner-column elementor-element elementor-element-9079f19\" data-id=\"9079f19\" data-element_type=\"column\">\n\t\t\t<div class=\"elementor-widget-wrap elementor-element-populated\">\n\t\t\t\t\t\t\t\t<div class=\"elementor-element elementor-element-d4ef0f9 elementor-widget elementor-widget-text-editor\" data-id=\"d4ef0f9\" data-element_type=\"widget\" data-widget_type=\"text-editor.default\">\n\t\t\t\t<div class=\"elementor-widget-container\">\n\t\t\t\t\t\t\t\u00dcR\u00dcNLER\t\t\t\t\t\t<\/div>\n\t\t\t\t<\/div>\n\t\t\t\t\t<\/div>\n\t\t<\/div>\n\t\t\t\t\t\t\t<\/div>\n\t\t<\/section>\n\t\t\t\t<section class=\"elementor-section elementor-inner-section elementor-element elementor-element-33bc8f2 elementor-section-boxed elementor-section-height-default elementor-section-height-default\" data-id=\"33bc8f2\" data-element_type=\"section\">\n\t\t\t\t\t\t<div class=\"elementor-container elementor-column-gap-no\">\n\t\t\t\t\t<div class=\"elementor-column elementor-col-33 elementor-inner-column elementor-element elementor-element-c51166f\" data-id=\"c51166f\" data-element_type=\"column\">\n\t\t\t<div class=\"elementor-widget-wrap elementor-element-populated\">\n\t\t\t\t\t\t\t\t<div class=\"elementor-element elementor-element-609bc92 elementor-widget elementor-widget-image\" data-id=\"609bc92\" data-element_type=\"widget\" data-widget_type=\"image.default\">\n\t\t\t\t<div class=\"elementor-widget-container\">\n\t\t\t<style>\/*! elementor - v3.5.5 - 03-02-2022 *\/\n.elementor-widget-image{text-align:center}.elementor-widget-image a{display:inline-block}.elementor-widget-image a img[src$=\".svg\"]{width:48px}.elementor-widget-image img{vertical-align:middle;display:inline-block}<\/style>\t\t\t\t\t\t\t\t\t\t\t\t\t<a href=\"https:\/\/www.katsankutu.com\/zator\/wp-content\/uploads\/2022\/02\/nebulizasyon_valfi_mzs360.jpg\" data-elementor-open-lightbox=\"yes\" data-elementor-lightbox-title=\"NEBUL\u0130ZASYON VALF\u0130 MZS360\">\n\t\t\t\t\t\t\t<img loading=\"lazy\" decoding=\"async\" width=\"300\" height=\"300\" src=\"https:\/\/www.katsankutu.com\/zator\/wp-content\/uploads\/2022\/02\/nebulizasyon_valfi_mzs360-300x300.jpg\" class=\"attachment-medium size-medium\" alt=\"NEBUL\u0130ZASYON VALF\u0130 MZS360\" srcset=\"https:\/\/www.katsankutu.com\/zator\/wp-content\/uploads\/2022\/02\/nebulizasyon_valfi_mzs360-300x300.jpg 300w, https:\/\/www.katsankutu.com\/zator\/wp-content\/uploads\/2022\/02\/nebulizasyon_valfi_mzs360-150x150.jpg 150w, https:\/\/www.katsankutu.com\/zator\/wp-content\/uploads\/2022\/02\/nebulizasyon_valfi_mzs360-768x768.jpg 768w, https:\/\/www.katsankutu.com\/zator\/wp-content\/uploads\/2022\/02\/nebulizasyon_valfi_mzs360-146x146.jpg 146w, https:\/\/www.katsankutu.com\/zator\/wp-content\/uploads\/2022\/02\/nebulizasyon_valfi_mzs360-50x50.jpg 50w, https:\/\/www.katsankutu.com\/zator\/wp-content\/uploads\/2022\/02\/nebulizasyon_valfi_mzs360-75x75.jpg 75w, https:\/\/www.katsankutu.com\/zator\/wp-content\/uploads\/2022\/02\/nebulizasyon_valfi_mzs360-85x85.jpg 85w, https:\/\/www.katsankutu.com\/zator\/wp-content\/uploads\/2022\/02\/nebulizasyon_valfi_mzs360-80x80.jpg 80w, https:\/\/www.katsankutu.com\/zator\/wp-content\/uploads\/2022\/02\/nebulizasyon_valfi_mzs360.jpg 800w\" sizes=\"auto, (max-width: 300px) 100vw, 300px\" \/>\t\t\t\t\t\t\t\t<\/a>\n\t\t\t\t\t\t\t\t\t\t\t\t\t\t\t<\/div>\n\t\t\t\t<\/div>\n\t\t\t\t<div class=\"elementor-element elementor-element-ab05361 elementor-widget elementor-widget-text-editor\" data-id=\"ab05361\" data-element_type=\"widget\" data-widget_type=\"text-editor.default\">\n\t\t\t\t<div class=\"elementor-widget-container\">\n\t\t\t\t\t\t\t<p>NEBUL\u0130ZASYON VALF\u0130 MZS360<\/p>\t\t\t\t\t\t<\/div>\n\t\t\t\t<\/div>\n\t\t\t\t<div class=\"elementor-element elementor-element-84aea29 elementor-widget elementor-widget-text-editor\" data-id=\"84aea29\" data-element_type=\"widget\" data-widget_type=\"text-editor.default\">\n\t\t\t\t<div class=\"elementor-widget-container\">\n\t\t\t\t\t\t\t<p>D\u00fc\u015f\u00fck ve orta viskoziteli yap\u0131\u015ft\u0131r\u0131c\u0131lar, yap\u0131\u015ft\u0131r\u0131c\u0131lar ve ak\u0131\u015fkanlar i\u00e7in solenoid kontrol valfli p\u00fcsk\u00fcrtme valfi.<\/p>\t\t\t\t\t\t<\/div>\n\t\t\t\t<\/div>\n\t\t\t\t\t<\/div>\n\t\t<\/div>\n\t\t\t\t<div class=\"elementor-column elementor-col-33 elementor-inner-column elementor-element elementor-element-057206f\" data-id=\"057206f\" data-element_type=\"column\">\n\t\t\t<div class=\"elementor-widget-wrap elementor-element-populated\">\n\t\t\t\t\t\t\t\t<div class=\"elementor-element elementor-element-9769ac3 elementor-widget elementor-widget-image\" data-id=\"9769ac3\" data-element_type=\"widget\" data-widget_type=\"image.default\">\n\t\t\t\t<div class=\"elementor-widget-container\">\n\t\t\t\t\t\t\t\t\t\t\t\t\t\t\t\t<a href=\"https:\/\/www.katsankutu.com\/zator\/wp-content\/uploads\/2022\/02\/nebulizasyon_valfi_mzf.jpg\" data-elementor-open-lightbox=\"yes\" data-elementor-lightbox-title=\"NEBUL\u0130ZASYON VALF\u0130 MZF\" data-elementor-lightbox-description=\"NEBUL\u0130ZASYON VALF\u0130 MZF\">\n\t\t\t\t\t\t\t<img loading=\"lazy\" decoding=\"async\" width=\"300\" height=\"300\" src=\"https:\/\/www.katsankutu.com\/zator\/wp-content\/uploads\/2022\/02\/nebulizasyon_valfi_mzf-300x300.jpg\" class=\"attachment-medium size-medium\" alt=\"NEBUL\u0130ZASYON VALF\u0130 MZF\" srcset=\"https:\/\/www.katsankutu.com\/zator\/wp-content\/uploads\/2022\/02\/nebulizasyon_valfi_mzf-300x300.jpg 300w, https:\/\/www.katsankutu.com\/zator\/wp-content\/uploads\/2022\/02\/nebulizasyon_valfi_mzf-150x150.jpg 150w, https:\/\/www.katsankutu.com\/zator\/wp-content\/uploads\/2022\/02\/nebulizasyon_valfi_mzf-768x768.jpg 768w, https:\/\/www.katsankutu.com\/zator\/wp-content\/uploads\/2022\/02\/nebulizasyon_valfi_mzf-146x146.jpg 146w, https:\/\/www.katsankutu.com\/zator\/wp-content\/uploads\/2022\/02\/nebulizasyon_valfi_mzf-50x50.jpg 50w, https:\/\/www.katsankutu.com\/zator\/wp-content\/uploads\/2022\/02\/nebulizasyon_valfi_mzf-75x75.jpg 75w, https:\/\/www.katsankutu.com\/zator\/wp-content\/uploads\/2022\/02\/nebulizasyon_valfi_mzf-85x85.jpg 85w, https:\/\/www.katsankutu.com\/zator\/wp-content\/uploads\/2022\/02\/nebulizasyon_valfi_mzf-80x80.jpg 80w, https:\/\/www.katsankutu.com\/zator\/wp-content\/uploads\/2022\/02\/nebulizasyon_valfi_mzf.jpg 800w\" sizes=\"auto, (max-width: 300px) 100vw, 300px\" \/>\t\t\t\t\t\t\t\t<\/a>\n\t\t\t\t\t\t\t\t\t\t\t\t\t\t\t<\/div>\n\t\t\t\t<\/div>\n\t\t\t\t<div class=\"elementor-element elementor-element-1820d91 elementor-widget elementor-widget-text-editor\" data-id=\"1820d91\" data-element_type=\"widget\" data-widget_type=\"text-editor.default\">\n\t\t\t\t<div class=\"elementor-widget-container\">\n\t\t\t\t\t\t\t<p>NEBUL\u0130ZASYON VALF\u0130 MZF<\/p>\t\t\t\t\t\t<\/div>\n\t\t\t\t<\/div>\n\t\t\t\t<div class=\"elementor-element elementor-element-6c76e5c elementor-widget elementor-widget-text-editor\" data-id=\"6c76e5c\" data-element_type=\"widget\" data-widget_type=\"text-editor.default\">\n\t\t\t\t<div class=\"elementor-widget-container\">\n\t\t\t\t\t\t\t<p>D\u00fc\u015f\u00fck viskoziteli yap\u0131\u015ft\u0131r\u0131c\u0131lar, yap\u0131\u015ft\u0131r\u0131c\u0131lar ve s\u0131v\u0131lar i\u00e7in p\u00fcsk\u00fcrtme valfi. Tasar\u0131m\u0131 ve \u00e7ok y\u00f6nl\u00fcl\u00fc\u011f\u00fc onu uygun k\u0131l\u0131yor.<\/p>\t\t\t\t\t\t<\/div>\n\t\t\t\t<\/div>\n\t\t\t\t\t<\/div>\n\t\t<\/div>\n\t\t\t\t<div class=\"elementor-column elementor-col-33 elementor-inner-column elementor-element elementor-element-4e64add\" data-id=\"4e64add\" data-element_type=\"column\">\n\t\t\t<div class=\"elementor-widget-wrap elementor-element-populated\">\n\t\t\t\t\t\t\t\t<div class=\"elementor-element elementor-element-3845262 elementor-widget elementor-widget-image\" data-id=\"3845262\" data-element_type=\"widget\" data-widget_type=\"image.default\">\n\t\t\t\t<div class=\"elementor-widget-container\">\n\t\t\t\t\t\t\t\t\t\t\t\t\t\t\t\t<a href=\"https:\/\/www.katsankutu.com\/zator\/wp-content\/uploads\/2022\/02\/nebulizasyon_valfi_mmzf.jpg\" data-elementor-open-lightbox=\"yes\" data-elementor-lightbox-title=\"NEBUL\u0130ZASYON VALF\u0130 MMZF\" data-elementor-lightbox-description=\"NEBUL\u0130ZASYON VALF\u0130 MMZF\">\n\t\t\t\t\t\t\t<img loading=\"lazy\" decoding=\"async\" width=\"300\" height=\"300\" src=\"https:\/\/www.katsankutu.com\/zator\/wp-content\/uploads\/2022\/02\/nebulizasyon_valfi_mmzf-300x300.jpg\" class=\"attachment-medium size-medium\" alt=\"NEBUL\u0130ZASYON VALF\u0130 MMZF\" srcset=\"https:\/\/www.katsankutu.com\/zator\/wp-content\/uploads\/2022\/02\/nebulizasyon_valfi_mmzf-300x300.jpg 300w, https:\/\/www.katsankutu.com\/zator\/wp-content\/uploads\/2022\/02\/nebulizasyon_valfi_mmzf-150x150.jpg 150w, https:\/\/www.katsankutu.com\/zator\/wp-content\/uploads\/2022\/02\/nebulizasyon_valfi_mmzf-768x768.jpg 768w, https:\/\/www.katsankutu.com\/zator\/wp-content\/uploads\/2022\/02\/nebulizasyon_valfi_mmzf-146x146.jpg 146w, https:\/\/www.katsankutu.com\/zator\/wp-content\/uploads\/2022\/02\/nebulizasyon_valfi_mmzf-50x50.jpg 50w, https:\/\/www.katsankutu.com\/zator\/wp-content\/uploads\/2022\/02\/nebulizasyon_valfi_mmzf-75x75.jpg 75w, https:\/\/www.katsankutu.com\/zator\/wp-content\/uploads\/2022\/02\/nebulizasyon_valfi_mmzf-85x85.jpg 85w, https:\/\/www.katsankutu.com\/zator\/wp-content\/uploads\/2022\/02\/nebulizasyon_valfi_mmzf-80x80.jpg 80w, https:\/\/www.katsankutu.com\/zator\/wp-content\/uploads\/2022\/02\/nebulizasyon_valfi_mmzf.jpg 800w\" sizes=\"auto, (max-width: 300px) 100vw, 300px\" \/>\t\t\t\t\t\t\t\t<\/a>\n\t\t\t\t\t\t\t\t\t\t\t\t\t\t\t<\/div>\n\t\t\t\t<\/div>\n\t\t\t\t<div class=\"elementor-element elementor-element-918641c elementor-widget elementor-widget-text-editor\" data-id=\"918641c\" data-element_type=\"widget\" data-widget_type=\"text-editor.default\">\n\t\t\t\t<div class=\"elementor-widget-container\">\n\t\t\t\t\t\t\t<p>NEBUL\u0130ZASYON VALF\u0130 MMZF<\/p>\t\t\t\t\t\t<\/div>\n\t\t\t\t<\/div>\n\t\t\t\t<div class=\"elementor-element elementor-element-cdda96c elementor-widget elementor-widget-text-editor\" data-id=\"cdda96c\" data-element_type=\"widget\" data-widget_type=\"text-editor.default\">\n\t\t\t\t<div class=\"elementor-widget-container\">\n\t\t\t\t\t\t\t<p>D\u00fc\u015f\u00fck viskoziteli yap\u0131\u015ft\u0131r\u0131c\u0131lar, yap\u0131\u015ft\u0131r\u0131c\u0131lar ve s\u0131v\u0131lar i\u00e7in kompakt boyutlu p\u00fcsk\u00fcrtme valfi.<\/p>\t\t\t\t\t\t<\/div>\n\t\t\t\t<\/div>\n\t\t\t\t\t<\/div>\n\t\t<\/div>\n\t\t\t\t\t\t\t<\/div>\n\t\t<\/section>\n\t\t\t\t<section class=\"elementor-section elementor-inner-section elementor-element elementor-element-605af43 elementor-section-boxed elementor-section-height-default elementor-section-height-default\" data-id=\"605af43\" data-element_type=\"section\">\n\t\t\t\t\t\t<div class=\"elementor-container elementor-column-gap-no\">\n\t\t\t\t\t<div class=\"elementor-column elementor-col-33 elementor-inner-column elementor-element elementor-element-9f419e2\" data-id=\"9f419e2\" data-element_type=\"column\">\n\t\t\t<div class=\"elementor-widget-wrap elementor-element-populated\">\n\t\t\t\t\t\t\t\t<div class=\"elementor-element elementor-element-839794f elementor-widget elementor-widget-image\" data-id=\"839794f\" data-element_type=\"widget\" data-widget_type=\"image.default\">\n\t\t\t\t<div class=\"elementor-widget-container\">\n\t\t\t\t\t\t\t\t\t\t\t\t\t\t\t\t<a href=\"https:\/\/www.katsankutu.com\/zator\/wp-content\/uploads\/2022\/02\/nebulizasyon_valfi_mzf360.jpg\" data-elementor-open-lightbox=\"yes\" data-elementor-lightbox-title=\"NEBUL\u0130ZASYON VALF\u0130 MZF360\" data-elementor-lightbox-description=\"NEBUL\u0130ZASYON VALF\u0130 MZF360\">\n\t\t\t\t\t\t\t<img loading=\"lazy\" decoding=\"async\" width=\"300\" height=\"300\" src=\"https:\/\/www.katsankutu.com\/zator\/wp-content\/uploads\/2022\/02\/nebulizasyon_valfi_mzf360-300x300.jpg\" class=\"attachment-medium size-medium\" alt=\"NEBUL\u0130ZASYON VALF\u0130 MZF360\" srcset=\"https:\/\/www.katsankutu.com\/zator\/wp-content\/uploads\/2022\/02\/nebulizasyon_valfi_mzf360-300x300.jpg 300w, https:\/\/www.katsankutu.com\/zator\/wp-content\/uploads\/2022\/02\/nebulizasyon_valfi_mzf360-150x150.jpg 150w, https:\/\/www.katsankutu.com\/zator\/wp-content\/uploads\/2022\/02\/nebulizasyon_valfi_mzf360-768x768.jpg 768w, https:\/\/www.katsankutu.com\/zator\/wp-content\/uploads\/2022\/02\/nebulizasyon_valfi_mzf360-146x146.jpg 146w, https:\/\/www.katsankutu.com\/zator\/wp-content\/uploads\/2022\/02\/nebulizasyon_valfi_mzf360-50x50.jpg 50w, https:\/\/www.katsankutu.com\/zator\/wp-content\/uploads\/2022\/02\/nebulizasyon_valfi_mzf360-75x75.jpg 75w, https:\/\/www.katsankutu.com\/zator\/wp-content\/uploads\/2022\/02\/nebulizasyon_valfi_mzf360-85x85.jpg 85w, https:\/\/www.katsankutu.com\/zator\/wp-content\/uploads\/2022\/02\/nebulizasyon_valfi_mzf360-80x80.jpg 80w, https:\/\/www.katsankutu.com\/zator\/wp-content\/uploads\/2022\/02\/nebulizasyon_valfi_mzf360.jpg 800w\" sizes=\"auto, (max-width: 300px) 100vw, 300px\" \/>\t\t\t\t\t\t\t\t<\/a>\n\t\t\t\t\t\t\t\t\t\t\t\t\t\t\t<\/div>\n\t\t\t\t<\/div>\n\t\t\t\t<div class=\"elementor-element elementor-element-3730488 elementor-widget elementor-widget-text-editor\" data-id=\"3730488\" data-element_type=\"widget\" data-widget_type=\"text-editor.default\">\n\t\t\t\t<div class=\"elementor-widget-container\">\n\t\t\t\t\t\t\t<p>NEBUL\u0130ZASYON VALF\u0130 MZF360<\/p>\t\t\t\t\t\t<\/div>\n\t\t\t\t<\/div>\n\t\t\t\t<div class=\"elementor-element elementor-element-25183a3 elementor-widget elementor-widget-text-editor\" data-id=\"25183a3\" data-element_type=\"widget\" data-widget_type=\"text-editor.default\">\n\t\t\t\t<div class=\"elementor-widget-container\">\n\t\t\t\t\t\t\t<p>D\u00fc\u015f\u00fck viskoziteli yap\u0131\u015ft\u0131r\u0131c\u0131lar, yap\u0131\u015ft\u0131r\u0131c\u0131lar ve s\u0131v\u0131lar i\u00e7in p\u00fcsk\u00fcrtme valfi. \u00f6zel olarak geli\u015ftirildi<\/p>\t\t\t\t\t\t<\/div>\n\t\t\t\t<\/div>\n\t\t\t\t\t<\/div>\n\t\t<\/div>\n\t\t\t\t<div class=\"elementor-column elementor-col-33 elementor-inner-column elementor-element elementor-element-0e71b63\" data-id=\"0e71b63\" data-element_type=\"column\">\n\t\t\t<div class=\"elementor-widget-wrap elementor-element-populated\">\n\t\t\t\t\t\t\t\t<div class=\"elementor-element elementor-element-2761363 elementor-widget elementor-widget-image\" data-id=\"2761363\" data-element_type=\"widget\" data-widget_type=\"image.default\">\n\t\t\t\t<div class=\"elementor-widget-container\">\n\t\t\t\t\t\t\t\t\t\t\t\t\t\t\t\t<a href=\"https:\/\/www.katsankutu.com\/zator\/wp-content\/uploads\/2022\/02\/nebulizasyon_valfi_mzs.jpg\" data-elementor-open-lightbox=\"yes\" data-elementor-lightbox-title=\"NEBUL\u0130ZASYON VALF\u0130 MZS\" data-elementor-lightbox-description=\"NEBUL\u0130ZASYON VALF\u0130 MZS\">\n\t\t\t\t\t\t\t<img loading=\"lazy\" decoding=\"async\" width=\"300\" height=\"300\" src=\"https:\/\/www.katsankutu.com\/zator\/wp-content\/uploads\/2022\/02\/nebulizasyon_valfi_mzs-300x300.jpg\" class=\"attachment-medium size-medium\" alt=\"NEBUL\u0130ZASYON VALF\u0130 MZS\" srcset=\"https:\/\/www.katsankutu.com\/zator\/wp-content\/uploads\/2022\/02\/nebulizasyon_valfi_mzs-300x300.jpg 300w, https:\/\/www.katsankutu.com\/zator\/wp-content\/uploads\/2022\/02\/nebulizasyon_valfi_mzs-150x150.jpg 150w, https:\/\/www.katsankutu.com\/zator\/wp-content\/uploads\/2022\/02\/nebulizasyon_valfi_mzs-768x768.jpg 768w, https:\/\/www.katsankutu.com\/zator\/wp-content\/uploads\/2022\/02\/nebulizasyon_valfi_mzs-146x146.jpg 146w, https:\/\/www.katsankutu.com\/zator\/wp-content\/uploads\/2022\/02\/nebulizasyon_valfi_mzs-50x50.jpg 50w, https:\/\/www.katsankutu.com\/zator\/wp-content\/uploads\/2022\/02\/nebulizasyon_valfi_mzs-75x75.jpg 75w, https:\/\/www.katsankutu.com\/zator\/wp-content\/uploads\/2022\/02\/nebulizasyon_valfi_mzs-85x85.jpg 85w, https:\/\/www.katsankutu.com\/zator\/wp-content\/uploads\/2022\/02\/nebulizasyon_valfi_mzs-80x80.jpg 80w, https:\/\/www.katsankutu.com\/zator\/wp-content\/uploads\/2022\/02\/nebulizasyon_valfi_mzs.jpg 800w\" sizes=\"auto, (max-width: 300px) 100vw, 300px\" \/>\t\t\t\t\t\t\t\t<\/a>\n\t\t\t\t\t\t\t\t\t\t\t\t\t\t\t<\/div>\n\t\t\t\t<\/div>\n\t\t\t\t<div class=\"elementor-element elementor-element-7df08aa elementor-widget elementor-widget-text-editor\" data-id=\"7df08aa\" data-element_type=\"widget\" data-widget_type=\"text-editor.default\">\n\t\t\t\t<div class=\"elementor-widget-container\">\n\t\t\t\t\t\t\t<p>NEBUL\u0130ZASYON VALF\u0130 MZS<\/p>\t\t\t\t\t\t<\/div>\n\t\t\t\t<\/div>\n\t\t\t\t<div class=\"elementor-element elementor-element-373a4ad elementor-widget elementor-widget-text-editor\" data-id=\"373a4ad\" data-element_type=\"widget\" data-widget_type=\"text-editor.default\">\n\t\t\t\t<div class=\"elementor-widget-container\">\n\t\t\t\t\t\t\t<p>D\u00fc\u015f\u00fck ve orta viskoziteli yap\u0131\u015ft\u0131r\u0131c\u0131lar, yap\u0131\u015ft\u0131r\u0131c\u0131lar ve s\u0131v\u0131lar i\u00e7in solenoid kontrol valfli p\u00fcsk\u00fcrtme valfi.<\/p>\t\t\t\t\t\t<\/div>\n\t\t\t\t<\/div>\n\t\t\t\t\t<\/div>\n\t\t<\/div>\n\t\t\t\t<div class=\"elementor-column elementor-col-33 elementor-inner-column elementor-element elementor-element-f6ef2ae\" data-id=\"f6ef2ae\" data-element_type=\"column\">\n\t\t\t<div class=\"elementor-widget-wrap\">\n\t\t\t\t\t\t\t\t\t<\/div>\n\t\t<\/div>\n\t\t\t\t\t\t\t<\/div>\n\t\t<\/section>\n\t\t\t\t\t<\/div>\n\t\t<\/div>\n\t\t\t\t\t\t\t<\/div>\n\t\t<\/section>\n\t\t\t\t\t\t<\/div>\n\t\t\t\t\t<\/div>\n\t\t","protected":false},"excerpt":{"rendered":"<p>P\u00dcSK\u00dcRTME TABANCALARI Farkl\u0131 tipteki yap\u0131\u015ft\u0131r\u0131c\u0131lar\u0131, yap\u0131\u015ft\u0131r\u0131c\u0131lar\u0131 ve s\u0131v\u0131lar\u0131 p\u00fcsk\u00fcrtmek i\u00e7in kullan\u0131lan elektro-pn\u00f6matik p\u00fcsk\u00fcrtme tabancas\u0131. Mukavemet ve kompakt boyut, tabancan\u0131n uzun \u00e7al\u0131\u015fma s\u00fcresini sa\u011flayan yap\u0131\u015fmaz kaplamal\u0131 meme<span class=\"excerpt-hellip\"> [\u2026]<\/span><\/p>\n","protected":false},"author":1,"featured_media":0,"parent":0,"menu_order":0,"comment_status":"closed","ping_status":"closed","template":"","meta":{"footnotes":""},"class_list":["post-1093","page","type-page","status-publish","hentry"],"_links":{"self":[{"href":"https:\/\/www.katsankutu.com\/zator\/wp-json\/wp\/v2\/pages\/1093","targetHints":{"allow":["GET"]}}],"collection":[{"href":"https:\/\/www.katsankutu.com\/zator\/wp-json\/wp\/v2\/pages"}],"about":[{"href":"https:\/\/www.katsankutu.com\/zator\/wp-json\/wp\/v2\/types\/page"}],"author":[{"embeddable":true,"href":"https:\/\/www.katsankutu.com\/zator\/wp-json\/wp\/v2\/users\/1"}],"replies":[{"embeddable":true,"href":"https:\/\/www.katsankutu.com\/zator\/wp-json\/wp\/v2\/comments?post=1093"}],"version-history":[{"count":0,"href":"https:\/\/www.katsankutu.com\/zator\/wp-json\/wp\/v2\/pages\/1093\/revisions"}],"wp:attachment":[{"href":"https:\/\/www.katsankutu.com\/zator\/wp-json\/wp\/v2\/media?parent=1093"}],"curies":[{"name":"wp","href":"https:\/\/api.w.org\/{rel}","templated":true}]}}