{"id":1143,"date":"2022-02-12T14:34:52","date_gmt":"2022-02-12T11:34:52","guid":{"rendered":"https:\/\/www.katsankutu.com\/zator\/?page_id=1143"},"modified":"2022-02-12T15:59:44","modified_gmt":"2022-02-12T12:59:44","slug":"basinc-regulatorleri","status":"publish","type":"page","link":"https:\/\/www.katsankutu.com\/zator\/basinc-regulatorleri\/","title":{"rendered":"Basin\u00e7 Reg\u00fclat\u00f6rleri"},"content":{"rendered":"\t\t<div data-elementor-type=\"wp-page\" data-elementor-id=\"1143\" class=\"elementor elementor-1143\" data-elementor-settings=\"[]\">\n\t\t\t\t\t\t\t<div class=\"elementor-section-wrap\">\n\t\t\t\t\t\t\t<section class=\"elementor-section elementor-top-section elementor-element elementor-element-6f5d41c elementor-section-stretched elementor-section-full_width elementor-section-height-default elementor-section-height-default\" data-id=\"6f5d41c\" data-element_type=\"section\" data-settings=\"{&quot;stretch_section&quot;:&quot;section-stretched&quot;,&quot;background_background&quot;:&quot;classic&quot;}\">\n\t\t\t\t\t\t\t<div class=\"elementor-background-overlay\"><\/div>\n\t\t\t\t\t\t\t<div class=\"elementor-container elementor-column-gap-wider\">\n\t\t\t\t\t<div class=\"elementor-column elementor-col-50 elementor-top-column elementor-element elementor-element-fd3a07a\" data-id=\"fd3a07a\" data-element_type=\"column\" data-settings=\"{&quot;background_background&quot;:&quot;classic&quot;}\">\n\t\t\t<div class=\"elementor-widget-wrap\">\n\t\t\t\t\t<div class=\"elementor-background-overlay\"><\/div>\n\t\t\t\t\t\t\t\t\t<\/div>\n\t\t<\/div>\n\t\t\t\t<div class=\"elementor-column elementor-col-50 elementor-top-column elementor-element elementor-element-8319725\" data-id=\"8319725\" data-element_type=\"column\" data-settings=\"{&quot;background_background&quot;:&quot;classic&quot;}\">\n\t\t\t<div class=\"elementor-widget-wrap elementor-element-populated\">\n\t\t\t\t\t\t\t\t<div class=\"elementor-element elementor-element-3729620 elementor-widget elementor-widget-text-editor\" data-id=\"3729620\" data-element_type=\"widget\" data-widget_type=\"text-editor.default\">\n\t\t\t\t<div class=\"elementor-widget-container\">\n\t\t\t<style>\/*! elementor - v3.5.5 - 03-02-2022 *\/\n.elementor-widget-text-editor.elementor-drop-cap-view-stacked .elementor-drop-cap{background-color:#818a91;color:#fff}.elementor-widget-text-editor.elementor-drop-cap-view-framed .elementor-drop-cap{color:#818a91;border:3px solid;background-color:transparent}.elementor-widget-text-editor:not(.elementor-drop-cap-view-default) .elementor-drop-cap{margin-top:8px}.elementor-widget-text-editor:not(.elementor-drop-cap-view-default) .elementor-drop-cap-letter{width:1em;height:1em}.elementor-widget-text-editor .elementor-drop-cap{float:left;text-align:center;line-height:1;font-size:50px}.elementor-widget-text-editor .elementor-drop-cap-letter{display:inline-block}<\/style>\t\t\t\t<p>BASIN\u00c7 REG\u00dcLAT\u00d6RLER\u0130<\/p>\t\t\t\t\t\t<\/div>\n\t\t\t\t<\/div>\n\t\t\t\t\t<\/div>\n\t\t<\/div>\n\t\t\t\t\t\t\t<\/div>\n\t\t<\/section>\n\t\t\t\t<section class=\"elementor-section elementor-top-section elementor-element elementor-element-103431a elementor-section-stretched elementor-section-boxed elementor-section-height-default elementor-section-height-default\" data-id=\"103431a\" data-element_type=\"section\" data-settings=\"{&quot;stretch_section&quot;:&quot;section-stretched&quot;}\">\n\t\t\t\t\t\t<div class=\"elementor-container elementor-column-gap-wider\">\n\t\t\t\t\t<div class=\"elementor-column elementor-col-100 elementor-top-column elementor-element elementor-element-431bf1f\" data-id=\"431bf1f\" data-element_type=\"column\">\n\t\t\t<div class=\"elementor-widget-wrap elementor-element-populated\">\n\t\t\t\t\t\t\t\t<section class=\"elementor-section elementor-inner-section elementor-element elementor-element-e5383fb elementor-section-boxed elementor-section-height-default elementor-section-height-default\" data-id=\"e5383fb\" data-element_type=\"section\">\n\t\t\t\t\t\t<div class=\"elementor-container elementor-column-gap-no\">\n\t\t\t\t\t<div class=\"elementor-column elementor-col-100 elementor-inner-column elementor-element elementor-element-9079f19\" data-id=\"9079f19\" data-element_type=\"column\">\n\t\t\t<div class=\"elementor-widget-wrap elementor-element-populated\">\n\t\t\t\t\t\t\t\t<div class=\"elementor-element elementor-element-d4ef0f9 elementor-widget elementor-widget-text-editor\" data-id=\"d4ef0f9\" data-element_type=\"widget\" data-widget_type=\"text-editor.default\">\n\t\t\t\t<div class=\"elementor-widget-container\">\n\t\t\t\t\t\t\t\u00dcR\u00dcNLER\t\t\t\t\t\t<\/div>\n\t\t\t\t<\/div>\n\t\t\t\t\t<\/div>\n\t\t<\/div>\n\t\t\t\t\t\t\t<\/div>\n\t\t<\/section>\n\t\t\t\t<section class=\"elementor-section elementor-inner-section elementor-element elementor-element-33bc8f2 elementor-section-boxed elementor-section-height-default elementor-section-height-default\" data-id=\"33bc8f2\" data-element_type=\"section\">\n\t\t\t\t\t\t<div class=\"elementor-container elementor-column-gap-no\">\n\t\t\t\t\t<div class=\"elementor-column elementor-col-33 elementor-inner-column elementor-element elementor-element-df2d7cf\" data-id=\"df2d7cf\" data-element_type=\"column\">\n\t\t\t<div class=\"elementor-widget-wrap elementor-element-populated\">\n\t\t\t\t\t\t\t\t<div class=\"elementor-element elementor-element-1f1e2d5 elementor-widget elementor-widget-image\" data-id=\"1f1e2d5\" data-element_type=\"widget\" data-widget_type=\"image.default\">\n\t\t\t\t<div class=\"elementor-widget-container\">\n\t\t\t<style>\/*! elementor - v3.5.5 - 03-02-2022 *\/\n.elementor-widget-image{text-align:center}.elementor-widget-image a{display:inline-block}.elementor-widget-image a img[src$=\".svg\"]{width:48px}.elementor-widget-image img{vertical-align:middle;display:inline-block}<\/style>\t\t\t\t\t\t\t\t\t\t\t\t\t<a href=\"https:\/\/www.katsankutu.com\/zator\/wp-content\/uploads\/2022\/02\/manuel_basinc_regulatoru.jpg\" data-elementor-open-lightbox=\"yes\" data-elementor-lightbox-title=\"MANUEL BASIN\u00c7 REG\u00dcLAT\u00d6R\u00dc\" data-elementor-lightbox-description=\"MANUEL BASIN\u00c7 REG\u00dcLAT\u00d6R\u00dc\n\">\n\t\t\t\t\t\t\t<img loading=\"lazy\" decoding=\"async\" width=\"300\" height=\"300\" src=\"https:\/\/www.katsankutu.com\/zator\/wp-content\/uploads\/2022\/02\/manuel_basinc_regulatoru-300x300.jpg\" class=\"attachment-medium size-medium\" alt=\"MANUEL BASIN\u00c7 REG\u00dcLAT\u00d6R\u00dc\" srcset=\"https:\/\/www.katsankutu.com\/zator\/wp-content\/uploads\/2022\/02\/manuel_basinc_regulatoru-300x300.jpg 300w, https:\/\/www.katsankutu.com\/zator\/wp-content\/uploads\/2022\/02\/manuel_basinc_regulatoru-150x150.jpg 150w, https:\/\/www.katsankutu.com\/zator\/wp-content\/uploads\/2022\/02\/manuel_basinc_regulatoru-768x768.jpg 768w, https:\/\/www.katsankutu.com\/zator\/wp-content\/uploads\/2022\/02\/manuel_basinc_regulatoru-146x146.jpg 146w, https:\/\/www.katsankutu.com\/zator\/wp-content\/uploads\/2022\/02\/manuel_basinc_regulatoru-50x50.jpg 50w, https:\/\/www.katsankutu.com\/zator\/wp-content\/uploads\/2022\/02\/manuel_basinc_regulatoru-75x75.jpg 75w, https:\/\/www.katsankutu.com\/zator\/wp-content\/uploads\/2022\/02\/manuel_basinc_regulatoru-85x85.jpg 85w, https:\/\/www.katsankutu.com\/zator\/wp-content\/uploads\/2022\/02\/manuel_basinc_regulatoru-80x80.jpg 80w, https:\/\/www.katsankutu.com\/zator\/wp-content\/uploads\/2022\/02\/manuel_basinc_regulatoru.jpg 800w\" sizes=\"auto, (max-width: 300px) 100vw, 300px\" \/>\t\t\t\t\t\t\t\t<\/a>\n\t\t\t\t\t\t\t\t\t\t\t\t\t\t\t<\/div>\n\t\t\t\t<\/div>\n\t\t\t\t<div class=\"elementor-element elementor-element-7ea0857 elementor-widget elementor-widget-text-editor\" data-id=\"7ea0857\" data-element_type=\"widget\" data-widget_type=\"text-editor.default\">\n\t\t\t\t<div class=\"elementor-widget-container\">\n\t\t\t\t\t\t\t<p>MANUEL BASIN\u00c7 REG\u00dcLAT\u00d6R\u00dc<\/p>\t\t\t\t\t\t<\/div>\n\t\t\t\t<\/div>\n\t\t\t\t<div class=\"elementor-element elementor-element-88ae29d elementor-widget elementor-widget-text-editor\" data-id=\"88ae29d\" data-element_type=\"widget\" data-widget_type=\"text-editor.default\">\n\t\t\t\t<div class=\"elementor-widget-container\">\n\t\t\t\t\t\t\t<p>A19511100 Man\u00fcel paslanmaz \u00e7elik bas\u0131n\u00e7 reg\u00fclat\u00f6r\u00fc Bas\u0131n\u00e7 aral\u0131\u011f\u0131 0-7 bar Maksimum bas\u0131n\u00e7 40 bar<\/p>\t\t\t\t\t\t<\/div>\n\t\t\t\t<\/div>\n\t\t\t\t\t<\/div>\n\t\t<\/div>\n\t\t\t\t<div class=\"elementor-column elementor-col-33 elementor-inner-column elementor-element elementor-element-d5a5712\" data-id=\"d5a5712\" data-element_type=\"column\">\n\t\t\t<div class=\"elementor-widget-wrap elementor-element-populated\">\n\t\t\t\t\t\t\t\t<div class=\"elementor-element elementor-element-03f586d elementor-widget elementor-widget-image\" data-id=\"03f586d\" data-element_type=\"widget\" data-widget_type=\"image.default\">\n\t\t\t\t<div class=\"elementor-widget-container\">\n\t\t\t\t\t\t\t\t\t\t\t\t\t\t\t\t<a href=\"https:\/\/www.katsankutu.com\/zator\/wp-content\/uploads\/2022\/02\/1_1_otomatik_basinc_regulatoru.jpg\" data-elementor-open-lightbox=\"yes\" data-elementor-lightbox-title=\"1:1 OTOMAT\u0130K BASIN\u00c7 REG\u00dcLAT\u00d6R\u00dc\" data-elementor-lightbox-description=\"1:1 OTOMAT\u0130K BASIN\u00c7 REG\u00dcLAT\u00d6R\u00dc\n\">\n\t\t\t\t\t\t\t<img loading=\"lazy\" decoding=\"async\" width=\"300\" height=\"300\" src=\"https:\/\/www.katsankutu.com\/zator\/wp-content\/uploads\/2022\/02\/1_1_otomatik_basinc_regulatoru-300x300.jpg\" class=\"attachment-medium size-medium\" alt=\"1:1 OTOMAT\u0130K BASIN\u00c7 REG\u00dcLAT\u00d6R\u00dc\" srcset=\"https:\/\/www.katsankutu.com\/zator\/wp-content\/uploads\/2022\/02\/1_1_otomatik_basinc_regulatoru-300x300.jpg 300w, https:\/\/www.katsankutu.com\/zator\/wp-content\/uploads\/2022\/02\/1_1_otomatik_basinc_regulatoru-150x150.jpg 150w, https:\/\/www.katsankutu.com\/zator\/wp-content\/uploads\/2022\/02\/1_1_otomatik_basinc_regulatoru-768x768.jpg 768w, https:\/\/www.katsankutu.com\/zator\/wp-content\/uploads\/2022\/02\/1_1_otomatik_basinc_regulatoru-146x146.jpg 146w, https:\/\/www.katsankutu.com\/zator\/wp-content\/uploads\/2022\/02\/1_1_otomatik_basinc_regulatoru-50x50.jpg 50w, https:\/\/www.katsankutu.com\/zator\/wp-content\/uploads\/2022\/02\/1_1_otomatik_basinc_regulatoru-75x75.jpg 75w, https:\/\/www.katsankutu.com\/zator\/wp-content\/uploads\/2022\/02\/1_1_otomatik_basinc_regulatoru-85x85.jpg 85w, https:\/\/www.katsankutu.com\/zator\/wp-content\/uploads\/2022\/02\/1_1_otomatik_basinc_regulatoru-80x80.jpg 80w, https:\/\/www.katsankutu.com\/zator\/wp-content\/uploads\/2022\/02\/1_1_otomatik_basinc_regulatoru.jpg 800w\" sizes=\"auto, (max-width: 300px) 100vw, 300px\" \/>\t\t\t\t\t\t\t\t<\/a>\n\t\t\t\t\t\t\t\t\t\t\t\t\t\t\t<\/div>\n\t\t\t\t<\/div>\n\t\t\t\t<div class=\"elementor-element elementor-element-68564d7 elementor-widget elementor-widget-text-editor\" data-id=\"68564d7\" data-element_type=\"widget\" data-widget_type=\"text-editor.default\">\n\t\t\t\t<div class=\"elementor-widget-container\">\n\t\t\t\t\t\t\t<p>1:1 OTOMAT\u0130K BASIN\u00c7 REG\u00dcLAT\u00d6R\u00dc<\/p>\t\t\t\t\t\t<\/div>\n\t\t\t\t<\/div>\n\t\t\t\t<div class=\"elementor-element elementor-element-bc2cffa elementor-widget elementor-widget-text-editor\" data-id=\"bc2cffa\" data-element_type=\"widget\" data-widget_type=\"text-editor.default\">\n\t\t\t\t<div class=\"elementor-widget-container\">\n\t\t\t\t\t\t\t<p>A19515100 Otomatik paslanmaz \u00e7elik bas\u0131n\u00e7 reg\u00fclat\u00f6r\u00fc 1:1 oran Bas\u0131n\u00e7 aral\u0131\u011f\u0131 0-7 bar Maksimum pres<\/p>\t\t\t\t\t\t<\/div>\n\t\t\t\t<\/div>\n\t\t\t\t\t<\/div>\n\t\t<\/div>\n\t\t\t\t<div class=\"elementor-column elementor-col-33 elementor-inner-column elementor-element elementor-element-70ee4ce\" data-id=\"70ee4ce\" data-element_type=\"column\">\n\t\t\t<div class=\"elementor-widget-wrap elementor-element-populated\">\n\t\t\t\t\t\t\t\t<div class=\"elementor-element elementor-element-ee5b80d elementor-widget elementor-widget-image\" data-id=\"ee5b80d\" data-element_type=\"widget\" data-widget_type=\"image.default\">\n\t\t\t\t<div class=\"elementor-widget-container\">\n\t\t\t\t\t\t\t\t\t\t\t\t\t\t\t\t<a href=\"https:\/\/www.katsankutu.com\/zator\/wp-content\/uploads\/2022\/02\/5_1_otomatik_basinc_regulatoru.jpg.jpg\" data-elementor-open-lightbox=\"yes\" data-elementor-lightbox-title=\"5:1 OTOMAT\u0130K BASIN\u00c7 REG\u00dcLAT\u00d6R\u00dc\" data-elementor-lightbox-description=\"5:1 OTOMAT\u0130K BASIN\u00c7 REG\u00dcLAT\u00d6R\u00dc\n\">\n\t\t\t\t\t\t\t<img loading=\"lazy\" decoding=\"async\" width=\"300\" height=\"300\" src=\"https:\/\/www.katsankutu.com\/zator\/wp-content\/uploads\/2022\/02\/5_1_otomatik_basinc_regulatoru.jpg-300x300.jpg\" class=\"attachment-medium size-medium\" alt=\"5:1 OTOMAT\u0130K BASIN\u00c7 REG\u00dcLAT\u00d6R\u00dc\" srcset=\"https:\/\/www.katsankutu.com\/zator\/wp-content\/uploads\/2022\/02\/5_1_otomatik_basinc_regulatoru.jpg-300x300.jpg 300w, https:\/\/www.katsankutu.com\/zator\/wp-content\/uploads\/2022\/02\/5_1_otomatik_basinc_regulatoru.jpg-150x150.jpg 150w, https:\/\/www.katsankutu.com\/zator\/wp-content\/uploads\/2022\/02\/5_1_otomatik_basinc_regulatoru.jpg-768x768.jpg 768w, https:\/\/www.katsankutu.com\/zator\/wp-content\/uploads\/2022\/02\/5_1_otomatik_basinc_regulatoru.jpg-146x146.jpg 146w, https:\/\/www.katsankutu.com\/zator\/wp-content\/uploads\/2022\/02\/5_1_otomatik_basinc_regulatoru.jpg-50x50.jpg 50w, https:\/\/www.katsankutu.com\/zator\/wp-content\/uploads\/2022\/02\/5_1_otomatik_basinc_regulatoru.jpg-75x75.jpg 75w, https:\/\/www.katsankutu.com\/zator\/wp-content\/uploads\/2022\/02\/5_1_otomatik_basinc_regulatoru.jpg-85x85.jpg 85w, https:\/\/www.katsankutu.com\/zator\/wp-content\/uploads\/2022\/02\/5_1_otomatik_basinc_regulatoru.jpg-80x80.jpg 80w, https:\/\/www.katsankutu.com\/zator\/wp-content\/uploads\/2022\/02\/5_1_otomatik_basinc_regulatoru.jpg.jpg 800w\" sizes=\"auto, (max-width: 300px) 100vw, 300px\" \/>\t\t\t\t\t\t\t\t<\/a>\n\t\t\t\t\t\t\t\t\t\t\t\t\t\t\t<\/div>\n\t\t\t\t<\/div>\n\t\t\t\t<div class=\"elementor-element elementor-element-2e21936 elementor-widget elementor-widget-text-editor\" data-id=\"2e21936\" data-element_type=\"widget\" data-widget_type=\"text-editor.default\">\n\t\t\t\t<div class=\"elementor-widget-container\">\n\t\t\t\t\t\t\t<p>5:1 OTOMAT\u0130K BASIN\u00c7 REG\u00dcLAT\u00d6R\u00dc<\/p>\t\t\t\t\t\t<\/div>\n\t\t\t\t<\/div>\n\t\t\t\t<div class=\"elementor-element elementor-element-bb3334f elementor-widget elementor-widget-text-editor\" data-id=\"bb3334f\" data-element_type=\"widget\" data-widget_type=\"text-editor.default\">\n\t\t\t\t<div class=\"elementor-widget-container\">\n\t\t\t\t\t\t\t<p>A19517200 Otomatik paslanmaz \u00e7elik bas\u0131n\u00e7 reg\u00fclat\u00f6r\u00fc 5:1 oranl\u0131 Bas\u0131n\u00e7 aral\u0131\u011f\u0131 0-30 bar<\/p>\t\t\t\t\t\t<\/div>\n\t\t\t\t<\/div>\n\t\t\t\t\t<\/div>\n\t\t<\/div>\n\t\t\t\t\t\t\t<\/div>\n\t\t<\/section>\n\t\t\t\t\t<\/div>\n\t\t<\/div>\n\t\t\t\t\t\t\t<\/div>\n\t\t<\/section>\n\t\t\t\t\t\t<\/div>\n\t\t\t\t\t<\/div>\n\t\t","protected":false},"excerpt":{"rendered":"<p>BASIN\u00c7 REG\u00dcLAT\u00d6RLER\u0130 \u00dcR\u00dcNLER MANUEL BASIN\u00c7 REG\u00dcLAT\u00d6R\u00dc A19511100 Man\u00fcel paslanmaz \u00e7elik bas\u0131n\u00e7 reg\u00fclat\u00f6r\u00fc Bas\u0131n\u00e7 aral\u0131\u011f\u0131 0-7 bar Maksimum bas\u0131n\u00e7 40 bar 1:1 OTOMAT\u0130K BASIN\u00c7 REG\u00dcLAT\u00d6R\u00dc A19515100 Otomatik<span class=\"excerpt-hellip\"> [\u2026]<\/span><\/p>\n","protected":false},"author":1,"featured_media":0,"parent":0,"menu_order":0,"comment_status":"closed","ping_status":"closed","template":"","meta":{"footnotes":""},"class_list":["post-1143","page","type-page","status-publish","hentry"],"_links":{"self":[{"href":"https:\/\/www.katsankutu.com\/zator\/wp-json\/wp\/v2\/pages\/1143","targetHints":{"allow":["GET"]}}],"collection":[{"href":"https:\/\/www.katsankutu.com\/zator\/wp-json\/wp\/v2\/pages"}],"about":[{"href":"https:\/\/www.katsankutu.com\/zator\/wp-json\/wp\/v2\/types\/page"}],"author":[{"embeddable":true,"href":"https:\/\/www.katsankutu.com\/zator\/wp-json\/wp\/v2\/users\/1"}],"replies":[{"embeddable":true,"href":"https:\/\/www.katsankutu.com\/zator\/wp-json\/wp\/v2\/comments?post=1143"}],"version-history":[{"count":0,"href":"https:\/\/www.katsankutu.com\/zator\/wp-json\/wp\/v2\/pages\/1143\/revisions"}],"wp:attachment":[{"href":"https:\/\/www.katsankutu.com\/zator\/wp-json\/wp\/v2\/media?parent=1143"}],"curies":[{"name":"wp","href":"https:\/\/api.w.org\/{rel}","templated":true}]}}