{"id":1172,"date":"2022-02-12T15:28:19","date_gmt":"2022-02-12T12:28:19","guid":{"rendered":"https:\/\/www.katsankutu.com\/zator\/?page_id=1172"},"modified":"2022-02-12T15:34:52","modified_gmt":"2022-02-12T12:34:52","slug":"diyafram-pompasi","status":"publish","type":"page","link":"https:\/\/www.katsankutu.com\/zator\/diyafram-pompasi\/","title":{"rendered":"Diyafram Pompasi"},"content":{"rendered":"\t\t<div data-elementor-type=\"wp-page\" data-elementor-id=\"1172\" class=\"elementor elementor-1172\" data-elementor-settings=\"[]\">\n\t\t\t\t\t\t\t<div class=\"elementor-section-wrap\">\n\t\t\t\t\t\t\t<section class=\"elementor-section elementor-top-section elementor-element elementor-element-103431a elementor-section-stretched elementor-section-full_width elementor-section-height-default elementor-section-height-default\" data-id=\"103431a\" data-element_type=\"section\" data-settings=\"{&quot;stretch_section&quot;:&quot;section-stretched&quot;,&quot;background_background&quot;:&quot;classic&quot;}\">\n\t\t\t\t\t\t\t<div class=\"elementor-background-overlay\"><\/div>\n\t\t\t\t\t\t\t<div class=\"elementor-container elementor-column-gap-wider\">\n\t\t\t\t\t<div class=\"elementor-column elementor-col-50 elementor-top-column elementor-element elementor-element-74e073e\" data-id=\"74e073e\" data-element_type=\"column\" data-settings=\"{&quot;background_background&quot;:&quot;classic&quot;}\">\n\t\t\t<div class=\"elementor-widget-wrap\">\n\t\t\t\t\t<div class=\"elementor-background-overlay\"><\/div>\n\t\t\t\t\t\t\t\t\t<\/div>\n\t\t<\/div>\n\t\t\t\t<div class=\"elementor-column elementor-col-50 elementor-top-column elementor-element elementor-element-5f9cfe3\" data-id=\"5f9cfe3\" data-element_type=\"column\" data-settings=\"{&quot;background_background&quot;:&quot;classic&quot;}\">\n\t\t\t<div class=\"elementor-widget-wrap elementor-element-populated\">\n\t\t\t\t\t<div class=\"elementor-background-overlay\"><\/div>\n\t\t\t\t\t\t\t\t<div class=\"elementor-element elementor-element-a215af6 elementor-widget elementor-widget-text-editor\" data-id=\"a215af6\" data-element_type=\"widget\" data-widget_type=\"text-editor.default\">\n\t\t\t\t<div class=\"elementor-widget-container\">\n\t\t\t<style>\/*! elementor - v3.5.5 - 03-02-2022 *\/\n.elementor-widget-text-editor.elementor-drop-cap-view-stacked .elementor-drop-cap{background-color:#818a91;color:#fff}.elementor-widget-text-editor.elementor-drop-cap-view-framed .elementor-drop-cap{color:#818a91;border:3px solid;background-color:transparent}.elementor-widget-text-editor:not(.elementor-drop-cap-view-default) .elementor-drop-cap{margin-top:8px}.elementor-widget-text-editor:not(.elementor-drop-cap-view-default) .elementor-drop-cap-letter{width:1em;height:1em}.elementor-widget-text-editor .elementor-drop-cap{float:left;text-align:center;line-height:1;font-size:50px}.elementor-widget-text-editor .elementor-drop-cap-letter{display:inline-block}<\/style>\t\t\t\tD\u0130YAFRAM POMPASI\t\t\t\t\t\t<\/div>\n\t\t\t\t<\/div>\n\t\t\t\t<div class=\"elementor-element elementor-element-4afc436 elementor-widget elementor-widget-text-editor\" data-id=\"4afc436\" data-element_type=\"widget\" data-widget_type=\"text-editor.default\">\n\t\t\t\t<div class=\"elementor-widget-container\">\n\t\t\t\t\t\t\t<p><strong>UYGULAMA ALANLARI<\/strong><\/p>\t\t\t\t\t\t<\/div>\n\t\t\t\t<\/div>\n\t\t\t\t<div class=\"elementor-element elementor-element-cf53aa9 elementor-widget elementor-widget-text-editor\" data-id=\"cf53aa9\" data-element_type=\"widget\" data-widget_type=\"text-editor.default\">\n\t\t\t\t<div class=\"elementor-widget-container\">\n\t\t\t\t\t\t\t<p>Toplant\u0131<br \/>Kasa \u00dcreticisi<br \/>Ambalajlama<br \/>Ka\u011f\u0131t D\u00f6n\u00fc\u015ft\u00fcrme<br \/>Bask\u0131 Makineleri<br \/>T\u00fct\u00fcn End\u00fcstrisi<\/p>\t\t\t\t\t\t<\/div>\n\t\t\t\t<\/div>\n\t\t\t\t<div class=\"elementor-element elementor-element-562c73c elementor-widget elementor-widget-text-editor\" data-id=\"562c73c\" data-element_type=\"widget\" data-widget_type=\"text-editor.default\">\n\t\t\t\t<div class=\"elementor-widget-container\">\n\t\t\t\t\t\t\tSIVI T\u00dcRLER\u0130\t\t\t\t\t\t<\/div>\n\t\t\t\t<\/div>\n\t\t\t\t<div class=\"elementor-element elementor-element-0dd5878 elementor-widget elementor-widget-text-editor\" data-id=\"0dd5878\" data-element_type=\"widget\" data-widget_type=\"text-editor.default\">\n\t\t\t\t<div class=\"elementor-widget-container\">\n\t\t\t\t\t\t\t<p>Yap\u0131\u015ft\u0131r\u0131c\u0131lar Ve Yap\u0131\u015ft\u0131r\u0131c\u0131lar<br \/>M\u00fcrekkepler<br \/>D\u00fc\u015f\u00fck Viskoziteli S\u0131v\u0131lar<br \/>Mastikler<br \/>Boyalar<\/p>\t\t\t\t\t\t<\/div>\n\t\t\t\t<\/div>\n\t\t\t\t\t<\/div>\n\t\t<\/div>\n\t\t\t\t\t\t\t<\/div>\n\t\t<\/section>\n\t\t\t\t<section class=\"elementor-section elementor-top-section elementor-element elementor-element-82ba334 elementor-section-stretched elementor-section-full_width elementor-section-height-default elementor-section-height-default\" data-id=\"82ba334\" data-element_type=\"section\" data-settings=\"{&quot;stretch_section&quot;:&quot;section-stretched&quot;,&quot;background_background&quot;:&quot;classic&quot;}\">\n\t\t\t\t\t\t<div class=\"elementor-container elementor-column-gap-wider\">\n\t\t\t\t\t<div class=\"elementor-column elementor-col-100 elementor-top-column elementor-element elementor-element-0352a61\" data-id=\"0352a61\" data-element_type=\"column\">\n\t\t\t<div class=\"elementor-widget-wrap elementor-element-populated\">\n\t\t\t\t\t\t\t\t<section class=\"elementor-section elementor-inner-section elementor-element elementor-element-2f98b95 elementor-section-boxed elementor-section-height-default elementor-section-height-default\" data-id=\"2f98b95\" data-element_type=\"section\">\n\t\t\t\t\t\t<div class=\"elementor-container elementor-column-gap-no\">\n\t\t\t\t\t<div class=\"elementor-column elementor-col-100 elementor-inner-column elementor-element elementor-element-563fe49\" data-id=\"563fe49\" data-element_type=\"column\">\n\t\t\t<div class=\"elementor-widget-wrap elementor-element-populated\">\n\t\t\t\t\t\t\t\t<div class=\"elementor-element elementor-element-1222a1d elementor-widget elementor-widget-text-editor\" data-id=\"1222a1d\" data-element_type=\"widget\" data-widget_type=\"text-editor.default\">\n\t\t\t\t<div class=\"elementor-widget-container\">\n\t\t\t\t\t\t\t<p>Diyafram pompal\u0131 tutkal besleme \u00fcniteleri, \u00f6zellikle d\u00fc\u015f\u00fck viskoziteli yap\u0131\u015ft\u0131r\u0131c\u0131lar, yap\u0131\u015ft\u0131r\u0131c\u0131lar ve s\u0131v\u0131lar sa\u011flamak i\u00e7in belirtilmi\u015ftir.<\/p><p>1:1 oranl\u0131 \u00e7ift diyaframl\u0131 pn\u00f6matik pompa ve durma \u00f6nleyici pn\u00f6matik kontrol valfi ile donat\u0131lm\u0131\u015ft\u0131r. Pompa, bo\u015f kovay\u0131 dolu kova ile de\u011fi\u015ftirme veya pompan\u0131n bak\u0131m ve temizli\u011fi i\u015flemlerini basitle\u015ftiren, kolayca \u00e7\u0131kar\u0131labilen bir plastik kova kapa\u011f\u0131 \u00fczerine monte edilmi\u015ftir.<\/p><p>Pompa, tesisin y\u0131kama i\u015flemleri i\u00e7in su i\u00e7eren dolu bir kovaya aktar\u0131labilir. Bo\u015f kova de\u011fi\u015ftirme i\u015flemleri s\u0131ras\u0131nda s\u0131v\u0131n\u0131n emi\u015f borusundan d\u0131\u015far\u0131 \u00e7\u0131kmas\u0131n\u0131 \u00f6nlemek i\u00e7in pompada alt valf bulunur. Tutkal besleme \u00fcniteleri, pompan\u0131n giri\u015f borusuna yerle\u015ftirilmi\u015f paslanmaz \u00e7elik tutkal filtresi ile donat\u0131lm\u0131\u015ft\u0131r. S\u0131v\u0131n\u0131n ilk filtrelemesini yaparak olas\u0131 topaklar\u0131n aspire edilmesini \u00f6nler.<\/p><p>Baz\u0131 versiyonlar, pompan\u0131n titre\u015fimlerini d\u00fc\u015f\u00fcrmek ve aspire edilen s\u0131v\u0131da bulunan olas\u0131 yabanc\u0131 maddeleri filtrelemek i\u00e7in \u00e7ift i\u015fleve sahip olan ince g\u00f6zenekli paslanmaz \u00e7elik bir filtre ile monte edilmi\u015ftir.<\/p><p>\u00c7\u0131k\u0131\u015f bas\u0131nc\u0131n\u0131, dolay\u0131s\u0131yla sa\u011flanan tutkal miktar\u0131n\u0131 kontrol etmek i\u00e7in 1:1 manuel paslanmaz \u00e7elik bas\u0131n\u00e7 reg\u00fclat\u00f6r\u00fc ile birle\u015ftirilebilir. Alternatif olarak, e\u011fer yap\u0131\u015fkanl\u0131 his \u00fcnitesinin monte edildi\u011fi makinenin h\u0131z\u0131na g\u00f6re bas\u0131nc\u0131 kontrol etmeniz gerekiyorsa, oransal valf ile kontrol edilen 1:1 otomatik paslanmaz \u00e7elik bas\u0131n\u00e7 reg\u00fclat\u00f6r\u00fc monte etmek m\u00fcmk\u00fcnd\u00fcr.<\/p><p>Kovadaki minimum s\u0131v\u0131 seviyesini belirtmek i\u00e7in bir seviye kontrol \u015famand\u0131ras\u0131 (opsiyonel) monte edilebilir.<\/p>\t\t\t\t\t\t<\/div>\n\t\t\t\t<\/div>\n\t\t\t\t\t<\/div>\n\t\t<\/div>\n\t\t\t\t\t\t\t<\/div>\n\t\t<\/section>\n\t\t\t\t<section class=\"elementor-section elementor-inner-section elementor-element elementor-element-bab8367 elementor-section-boxed elementor-section-height-default elementor-section-height-default\" data-id=\"bab8367\" data-element_type=\"section\">\n\t\t\t\t\t\t<div class=\"elementor-container elementor-column-gap-no\">\n\t\t\t\t\t<div class=\"elementor-column elementor-col-100 elementor-inner-column elementor-element elementor-element-20a359a\" data-id=\"20a359a\" data-element_type=\"column\">\n\t\t\t<div class=\"elementor-widget-wrap elementor-element-populated\">\n\t\t\t\t\t\t\t\t<section class=\"elementor-section elementor-inner-section elementor-element elementor-element-39303d8 elementor-section-boxed elementor-section-height-default elementor-section-height-default\" data-id=\"39303d8\" data-element_type=\"section\">\n\t\t\t\t\t\t<div class=\"elementor-container elementor-column-gap-no\">\n\t\t\t\t\t<div class=\"elementor-column elementor-col-100 elementor-inner-column elementor-element elementor-element-9bd6830\" data-id=\"9bd6830\" data-element_type=\"column\">\n\t\t\t<div class=\"elementor-widget-wrap elementor-element-populated\">\n\t\t\t\t\t\t\t\t<div class=\"elementor-element elementor-element-17d7e16 elementor-widget elementor-widget-text-editor\" data-id=\"17d7e16\" data-element_type=\"widget\" data-widget_type=\"text-editor.default\">\n\t\t\t\t<div class=\"elementor-widget-container\">\n\t\t\t\t\t\t\t\u00dcR\u00dcNLER\t\t\t\t\t\t<\/div>\n\t\t\t\t<\/div>\n\t\t\t\t\t<\/div>\n\t\t<\/div>\n\t\t\t\t\t\t\t<\/div>\n\t\t<\/section>\n\t\t\t\t<section class=\"elementor-section elementor-inner-section elementor-element elementor-element-704b67f elementor-section-boxed elementor-section-height-default elementor-section-height-default\" data-id=\"704b67f\" data-element_type=\"section\">\n\t\t\t\t\t\t<div class=\"elementor-container elementor-column-gap-no\">\n\t\t\t\t\t<div class=\"elementor-column elementor-col-33 elementor-inner-column elementor-element elementor-element-3dd404b\" data-id=\"3dd404b\" data-element_type=\"column\">\n\t\t\t<div class=\"elementor-widget-wrap elementor-element-populated\">\n\t\t\t\t\t\t\t\t<div class=\"elementor-element elementor-element-6961944 elementor-widget elementor-widget-image\" data-id=\"6961944\" data-element_type=\"widget\" data-widget_type=\"image.default\">\n\t\t\t\t<div class=\"elementor-widget-container\">\n\t\t\t<style>\/*! elementor - v3.5.5 - 03-02-2022 *\/\n.elementor-widget-image{text-align:center}.elementor-widget-image a{display:inline-block}.elementor-widget-image a img[src$=\".svg\"]{width:48px}.elementor-widget-image img{vertical-align:middle;display:inline-block}<\/style>\t\t\t\t\t\t\t\t\t\t\t\t\t<a href=\"https:\/\/www.katsankutu.com\/zator\/wp-content\/uploads\/2022\/02\/diyaframli_pompa_a158001.jpg\" data-elementor-open-lightbox=\"yes\" data-elementor-lightbox-title=\"D\u0130YAFRAMLI POMPA A158001\" data-elementor-lightbox-description=\"D\u0130YAFRAMLI POMPA A158001\n\">\n\t\t\t\t\t\t\t<img loading=\"lazy\" decoding=\"async\" width=\"300\" height=\"300\" src=\"https:\/\/www.katsankutu.com\/zator\/wp-content\/uploads\/2022\/02\/diyaframli_pompa_a158001-300x300.jpg\" class=\"attachment-medium size-medium\" alt=\"D\u0130YAFRAMLI POMPA A158001\" srcset=\"https:\/\/www.katsankutu.com\/zator\/wp-content\/uploads\/2022\/02\/diyaframli_pompa_a158001-300x300.jpg 300w, https:\/\/www.katsankutu.com\/zator\/wp-content\/uploads\/2022\/02\/diyaframli_pompa_a158001-150x150.jpg 150w, https:\/\/www.katsankutu.com\/zator\/wp-content\/uploads\/2022\/02\/diyaframli_pompa_a158001-768x768.jpg 768w, https:\/\/www.katsankutu.com\/zator\/wp-content\/uploads\/2022\/02\/diyaframli_pompa_a158001-146x146.jpg 146w, https:\/\/www.katsankutu.com\/zator\/wp-content\/uploads\/2022\/02\/diyaframli_pompa_a158001-50x50.jpg 50w, https:\/\/www.katsankutu.com\/zator\/wp-content\/uploads\/2022\/02\/diyaframli_pompa_a158001-75x75.jpg 75w, https:\/\/www.katsankutu.com\/zator\/wp-content\/uploads\/2022\/02\/diyaframli_pompa_a158001-85x85.jpg 85w, https:\/\/www.katsankutu.com\/zator\/wp-content\/uploads\/2022\/02\/diyaframli_pompa_a158001-80x80.jpg 80w, https:\/\/www.katsankutu.com\/zator\/wp-content\/uploads\/2022\/02\/diyaframli_pompa_a158001.jpg 800w\" sizes=\"auto, (max-width: 300px) 100vw, 300px\" \/>\t\t\t\t\t\t\t\t<\/a>\n\t\t\t\t\t\t\t\t\t\t\t\t\t\t\t<\/div>\n\t\t\t\t<\/div>\n\t\t\t\t<div class=\"elementor-element elementor-element-eb61c77 elementor-widget elementor-widget-text-editor\" data-id=\"eb61c77\" data-element_type=\"widget\" data-widget_type=\"text-editor.default\">\n\t\t\t\t<div class=\"elementor-widget-container\">\n\t\t\t\t\t\t\t<p>D\u0130YAFRAMLI POMPA A158001<\/p>\t\t\t\t\t\t<\/div>\n\t\t\t\t<\/div>\n\t\t\t\t<div class=\"elementor-element elementor-element-608a05c elementor-widget elementor-widget-text-editor\" data-id=\"608a05c\" data-element_type=\"widget\" data-widget_type=\"text-editor.default\">\n\t\t\t\t<div class=\"elementor-widget-container\">\n\t\t\t\t\t\t\t<p>1:1 oranl\u0131 \u00e7ift diyaframl\u0131 pn\u00f6matik pompal\u0131 tutkal besleme \u00fcnitesi \u015funlarla donat\u0131lm\u0131\u015ft\u0131r: filtreli emme borusu<\/p>\t\t\t\t\t\t<\/div>\n\t\t\t\t<\/div>\n\t\t\t\t\t<\/div>\n\t\t<\/div>\n\t\t\t\t<div class=\"elementor-column elementor-col-33 elementor-inner-column elementor-element elementor-element-057fd30\" data-id=\"057fd30\" data-element_type=\"column\">\n\t\t\t<div class=\"elementor-widget-wrap elementor-element-populated\">\n\t\t\t\t\t\t\t\t<div class=\"elementor-element elementor-element-76687d3 elementor-widget elementor-widget-image\" data-id=\"76687d3\" data-element_type=\"widget\" data-widget_type=\"image.default\">\n\t\t\t\t<div class=\"elementor-widget-container\">\n\t\t\t\t\t\t\t\t\t\t\t\t\t\t\t\t<a href=\"https:\/\/www.katsankutu.com\/zator\/wp-content\/uploads\/2022\/02\/diyaframli_pompa_a159002.jpg\" data-elementor-open-lightbox=\"yes\" data-elementor-lightbox-title=\"D\u0130YAFRAMLI POMPA A159002\">\n\t\t\t\t\t\t\t<img loading=\"lazy\" decoding=\"async\" width=\"300\" height=\"300\" src=\"https:\/\/www.katsankutu.com\/zator\/wp-content\/uploads\/2022\/02\/diyaframli_pompa_a159002-300x300.jpg\" class=\"attachment-medium size-medium\" alt=\"D\u0130YAFRAMLI POMPA A159002\" srcset=\"https:\/\/www.katsankutu.com\/zator\/wp-content\/uploads\/2022\/02\/diyaframli_pompa_a159002-300x300.jpg 300w, https:\/\/www.katsankutu.com\/zator\/wp-content\/uploads\/2022\/02\/diyaframli_pompa_a159002-150x150.jpg 150w, https:\/\/www.katsankutu.com\/zator\/wp-content\/uploads\/2022\/02\/diyaframli_pompa_a159002-768x768.jpg 768w, https:\/\/www.katsankutu.com\/zator\/wp-content\/uploads\/2022\/02\/diyaframli_pompa_a159002-146x146.jpg 146w, https:\/\/www.katsankutu.com\/zator\/wp-content\/uploads\/2022\/02\/diyaframli_pompa_a159002-50x50.jpg 50w, https:\/\/www.katsankutu.com\/zator\/wp-content\/uploads\/2022\/02\/diyaframli_pompa_a159002-75x75.jpg 75w, https:\/\/www.katsankutu.com\/zator\/wp-content\/uploads\/2022\/02\/diyaframli_pompa_a159002-85x85.jpg 85w, https:\/\/www.katsankutu.com\/zator\/wp-content\/uploads\/2022\/02\/diyaframli_pompa_a159002-80x80.jpg 80w, https:\/\/www.katsankutu.com\/zator\/wp-content\/uploads\/2022\/02\/diyaframli_pompa_a159002.jpg 800w\" sizes=\"auto, (max-width: 300px) 100vw, 300px\" \/>\t\t\t\t\t\t\t\t<\/a>\n\t\t\t\t\t\t\t\t\t\t\t\t\t\t\t<\/div>\n\t\t\t\t<\/div>\n\t\t\t\t<div class=\"elementor-element elementor-element-3042388 elementor-widget elementor-widget-text-editor\" data-id=\"3042388\" data-element_type=\"widget\" data-widget_type=\"text-editor.default\">\n\t\t\t\t<div class=\"elementor-widget-container\">\n\t\t\t\t\t\t\t<p>D\u0130YAFRAMLI POMPA A159002<\/p>\t\t\t\t\t\t<\/div>\n\t\t\t\t<\/div>\n\t\t\t\t<div class=\"elementor-element elementor-element-3906eef elementor-widget elementor-widget-text-editor\" data-id=\"3906eef\" data-element_type=\"widget\" data-widget_type=\"text-editor.default\">\n\t\t\t\t<div class=\"elementor-widget-container\">\n\t\t\t\t\t\t\t<p>1:1 oranl\u0131 \u00e7ift diyaframl\u0131 pn\u00f6matik pompal\u0131 tutkal besleme \u00fcnitesi \u015funlarla donat\u0131lm\u0131\u015ft\u0131r: filtreli emme borusu<\/p>\t\t\t\t\t\t<\/div>\n\t\t\t\t<\/div>\n\t\t\t\t\t<\/div>\n\t\t<\/div>\n\t\t\t\t<div class=\"elementor-column elementor-col-33 elementor-inner-column elementor-element elementor-element-832dc75\" data-id=\"832dc75\" data-element_type=\"column\">\n\t\t\t<div class=\"elementor-widget-wrap\">\n\t\t\t\t\t\t\t\t\t<\/div>\n\t\t<\/div>\n\t\t\t\t\t\t\t<\/div>\n\t\t<\/section>\n\t\t\t\t\t<\/div>\n\t\t<\/div>\n\t\t\t\t\t\t\t<\/div>\n\t\t<\/section>\n\t\t\t\t\t<\/div>\n\t\t<\/div>\n\t\t\t\t\t\t\t<\/div>\n\t\t<\/section>\n\t\t\t\t\t\t<\/div>\n\t\t\t\t\t<\/div>\n\t\t","protected":false},"excerpt":{"rendered":"<p>D\u0130YAFRAM POMPASI UYGULAMA ALANLARI Toplant\u0131Kasa \u00dcreticisiAmbalajlamaKa\u011f\u0131t D\u00f6n\u00fc\u015ft\u00fcrmeBask\u0131 MakineleriT\u00fct\u00fcn End\u00fcstrisi SIVI T\u00dcRLER\u0130 Yap\u0131\u015ft\u0131r\u0131c\u0131lar Ve Yap\u0131\u015ft\u0131r\u0131c\u0131larM\u00fcrekkeplerD\u00fc\u015f\u00fck Viskoziteli S\u0131v\u0131larMastiklerBoyalar Diyafram pompal\u0131 tutkal besleme \u00fcniteleri, \u00f6zellikle d\u00fc\u015f\u00fck viskoziteli yap\u0131\u015ft\u0131r\u0131c\u0131lar, yap\u0131\u015ft\u0131r\u0131c\u0131lar<span class=\"excerpt-hellip\"> [\u2026]<\/span><\/p>\n","protected":false},"author":1,"featured_media":0,"parent":0,"menu_order":0,"comment_status":"closed","ping_status":"closed","template":"","meta":{"footnotes":""},"class_list":["post-1172","page","type-page","status-publish","hentry"],"_links":{"self":[{"href":"https:\/\/www.katsankutu.com\/zator\/wp-json\/wp\/v2\/pages\/1172","targetHints":{"allow":["GET"]}}],"collection":[{"href":"https:\/\/www.katsankutu.com\/zator\/wp-json\/wp\/v2\/pages"}],"about":[{"href":"https:\/\/www.katsankutu.com\/zator\/wp-json\/wp\/v2\/types\/page"}],"author":[{"embeddable":true,"href":"https:\/\/www.katsankutu.com\/zator\/wp-json\/wp\/v2\/users\/1"}],"replies":[{"embeddable":true,"href":"https:\/\/www.katsankutu.com\/zator\/wp-json\/wp\/v2\/comments?post=1172"}],"version-history":[{"count":0,"href":"https:\/\/www.katsankutu.com\/zator\/wp-json\/wp\/v2\/pages\/1172\/revisions"}],"wp:attachment":[{"href":"https:\/\/www.katsankutu.com\/zator\/wp-json\/wp\/v2\/media?parent=1172"}],"curies":[{"name":"wp","href":"https:\/\/api.w.org\/{rel}","templated":true}]}}